{"id":1980,"date":"2025-12-21T15:14:11","date_gmt":"2025-12-21T14:14:11","guid":{"rendered":"https:\/\/celiaibanez.fr\/?page_id=1980"},"modified":"2026-03-23T19:59:23","modified_gmt":"2026-03-23T18:59:23","slug":"le-secret-dangie","status":"publish","type":"page","link":"https:\/\/celiaibanez.fr\/index.php\/le-secret-dangie\/","title":{"rendered":"LE SECRET D&rsquo;ANGIE"},"content":{"rendered":"\n<h2 class=\"wp-block-heading\">ET SI, DEMAIN MATIN, TU TE R<strong>\u00c9<\/strong>VEILLAIS AVEC DES AILES DANS LE DOS ? ANGIE D\u00c9COUVRE QU ELLE N EST PAS UNE PETITE FILLE COMME LES AUTRES&#8230; ELLE VIENT D&rsquo;AILLEURS. ELLE A UNE MISSION: GU\u00c9RIR LA TERRE, PROT\u00c9GER LA VIE ET RALLUMER LA LUMI\u00c8RE DANS LE C\u0152UR DES HUMAINS. MAIS SA DIFF\u00c9RENCE D\u00c9RANGE ET CERTAINS VEULENT L\u2019EMP\u00caCHER D&rsquo;AGIR! HEUREUSEMENT, ANGIE N&rsquo;EST PAS SEULE. D&rsquo;AUTRES ENFANTS EXTRAORDINAIRES L&rsquo;ATTENDENT !<\/h2>\n\n\n\n<figure class=\"wp-block-image size-large\"><img loading=\"lazy\" decoding=\"async\" width=\"721\" height=\"1024\" src=\"https:\/\/celiaibanez.fr\/wp-content\/uploads\/2025\/12\/LE-SECRET-D-ANGIE-1-721x1024.jpg\" alt=\"\" class=\"wp-image-1981\" srcset=\"https:\/\/celiaibanez.fr\/wp-content\/uploads\/2025\/12\/LE-SECRET-D-ANGIE-1-721x1024.jpg 721w, https:\/\/celiaibanez.fr\/wp-content\/uploads\/2025\/12\/LE-SECRET-D-ANGIE-1-211x300.jpg 211w, https:\/\/celiaibanez.fr\/wp-content\/uploads\/2025\/12\/LE-SECRET-D-ANGIE-1-768x1091.jpg 768w, https:\/\/celiaibanez.fr\/wp-content\/uploads\/2025\/12\/LE-SECRET-D-ANGIE-1-1081x1536.jpg 1081w, https:\/\/celiaibanez.fr\/wp-content\/uploads\/2025\/12\/LE-SECRET-D-ANGIE-1-1442x2048.jpg 1442w, https:\/\/celiaibanez.fr\/wp-content\/uploads\/2025\/12\/LE-SECRET-D-ANGIE-1.jpg 1530w\" sizes=\"auto, (max-width: 721px) 100vw, 721px\" \/><\/figure>\n\n\n\n<p><img loading=\"lazy\" decoding=\"async\" height=\"16\" width=\"16\" src=\"https:\/\/static.xx.fbcdn.net\/images\/emoji.php\/v9\/tf4\/1\/16\/2728.png\" alt=\"\u2728\"> LE SECRET D\u2019ANGIE, mon dernier roman jeunesse illustr\u00e9 tout en couleurs par MAHTAB !<\/p>\n\n\n\n<p><img loading=\"lazy\" decoding=\"async\" height=\"16\" width=\"16\" src=\"https:\/\/static.xx.fbcdn.net\/images\/emoji.php\/v9\/t49\/1\/16\/1f4da.png\" alt=\"\ud83d\udcda\"> Disponible en 2026 chez Hello Editions dans toutes les bonnes librairies.<\/p>\n\n\n\n<p>\ud83c\udfa7Disponible \u00e9galement en livre audio avec le code secret donn\u00e9 dans le livre !  (seulement pour les vrais aventuriers !) <strong>L&rsquo;histoire y est racont\u00e9e par l&rsquo;autrice ! <\/strong><\/p>\n\n\n<div class=\"wp-block-image\">\n<figure class=\"aligncenter size-full\"><img loading=\"lazy\" decoding=\"async\" width=\"1024\" height=\"1024\" src=\"https:\/\/celiaibanez.fr\/wp-content\/uploads\/2026\/03\/4ZtN8-Ok.jpg\" alt=\"\" class=\"wp-image-2172\" srcset=\"https:\/\/celiaibanez.fr\/wp-content\/uploads\/2026\/03\/4ZtN8-Ok.jpg 1024w, https:\/\/celiaibanez.fr\/wp-content\/uploads\/2026\/03\/4ZtN8-Ok-300x300.jpg 300w, https:\/\/celiaibanez.fr\/wp-content\/uploads\/2026\/03\/4ZtN8-Ok-150x150.jpg 150w, https:\/\/celiaibanez.fr\/wp-content\/uploads\/2026\/03\/4ZtN8-Ok-768x768.jpg 768w\" sizes=\"auto, (max-width: 1024px) 100vw, 1024px\" \/><\/figure>\n<\/div>\n\n\n<p><img loading=\"lazy\" decoding=\"async\" height=\"16\" width=\"16\" alt=\"\ud83d\udc49\" src=\"https:\/\/static.xx.fbcdn.net\/images\/emoji.php\/v9\/t51\/1\/16\/1f449.png\"> Le livre id\u00e9al pour les enfants qui aiment les secrets, les missions cach\u00e9es et les grandes aventures.<\/p>\n\n\n\n<p><\/p>\n","protected":false},"excerpt":{"rendered":"<p>ET SI, DEMAIN MATIN, TU TE R\u00c9VEILLAIS AVEC DES AILES DANS LE DOS ? ANGIE D\u00c9COUVRE QU ELLE N EST PAS UNE PETITE FILLE COMME LES AUTRES&#8230; ELLE VIENT D&rsquo;AILLEURS. ELLE A UNE MISSION: GU\u00c9RIR LA TERRE, PROT\u00c9GER LA VIE ET RALLUMER LA LUMI\u00c8RE DANS LE C\u0152UR DES HUMAINS. MAIS SA DIFF\u00c9RENCE D\u00c9RANGE ET CERTAINS &hellip; <a href=\"https:\/\/celiaibanez.fr\/index.php\/le-secret-dangie\/\" class=\"more-link\">Continuer la lecture de <span class=\"screen-reader-text\">LE SECRET D&rsquo;ANGIE<\/span>  <span class=\"meta-nav\">&rarr;<\/span><\/a><\/p>\n","protected":false},"author":5,"featured_media":1981,"parent":0,"menu_order":0,"comment_status":"closed","ping_status":"closed","template":"","meta":{"footnotes":""},"class_list":["post-1980","page","type-page","status-publish","has-post-thumbnail","hentry"],"_links":{"self":[{"href":"https:\/\/celiaibanez.fr\/index.php\/wp-json\/wp\/v2\/pages\/1980","targetHints":{"allow":["GET"]}}],"collection":[{"href":"https:\/\/celiaibanez.fr\/index.php\/wp-json\/wp\/v2\/pages"}],"about":[{"href":"https:\/\/celiaibanez.fr\/index.php\/wp-json\/wp\/v2\/types\/page"}],"author":[{"embeddable":true,"href":"https:\/\/celiaibanez.fr\/index.php\/wp-json\/wp\/v2\/users\/5"}],"replies":[{"embeddable":true,"href":"https:\/\/celiaibanez.fr\/index.php\/wp-json\/wp\/v2\/comments?post=1980"}],"version-history":[{"count":9,"href":"https:\/\/celiaibanez.fr\/index.php\/wp-json\/wp\/v2\/pages\/1980\/revisions"}],"predecessor-version":[{"id":2173,"href":"https:\/\/celiaibanez.fr\/index.php\/wp-json\/wp\/v2\/pages\/1980\/revisions\/2173"}],"wp:featuredmedia":[{"embeddable":true,"href":"https:\/\/celiaibanez.fr\/index.php\/wp-json\/wp\/v2\/media\/1981"}],"wp:attachment":[{"href":"https:\/\/celiaibanez.fr\/index.php\/wp-json\/wp\/v2\/media?parent=1980"}],"curies":[{"name":"wp","href":"https:\/\/api.w.org\/{rel}","templated":true}]}}