{"id":2027,"date":"2026-02-16T21:02:11","date_gmt":"2026-02-16T20:02:11","guid":{"rendered":"https:\/\/celiaibanez.fr\/?page_id=2027"},"modified":"2026-05-12T18:44:28","modified_gmt":"2026-05-12T16:44:28","slug":"convergence-sf-3","status":"publish","type":"page","link":"https:\/\/celiaibanez.fr\/index.php\/convergence-sf-3\/","title":{"rendered":"CONVERGENCE SF"},"content":{"rendered":"\n<h2 class=\"wp-block-heading\">EN 2026, J&rsquo;AI CR\u00c9E L&rsquo;ASSOCIATION \u00ab\u00a0CONVERGENCE SF\u00a0\u00bb, QUI ORGANISE LA CONVENTION R\u00c9GIONALE (GRAND SUD-EST) DE SCIENCE-FICTION (LA \u00ab\u00a0SOUTHCONV\u00a0\u00bb). L&rsquo;OBJECTIF: PROMOUVOIR ET VALORISER TOUTES LES PRODUCTIONS ET CR\u00c9ATIONS LI\u00c9ES \u00c0 LA SCIENCE-FICTION, AU FANTASTIQUE ET \u00c0 LA FANTASY. <em>CONVERGENCE SF<\/em> SE DONNE AUSSI POUR MISSION DE FAVORISER LA D\u00c9COUVERTE, LA R\u00c9FLEXION ET LA VULGARISATION SCIENTIFIQUE, TOUT EN CR\u00c9ANT DES PASSERELLES ENTRE L&rsquo;IMAGINAIRE ET LES AVANC\u00c9ES SCIENTIFIQUES CONTEMPORAINES.<\/h2>\n\n\n\n<figure class=\"wp-block-image size-full\"><img loading=\"lazy\" decoding=\"async\" width=\"973\" height=\"785\" src=\"https:\/\/celiaibanez.fr\/wp-content\/uploads\/2026\/01\/convergence-SF-2.png\" alt=\"\" class=\"wp-image-2028\" srcset=\"https:\/\/celiaibanez.fr\/wp-content\/uploads\/2026\/01\/convergence-SF-2.png 973w, https:\/\/celiaibanez.fr\/wp-content\/uploads\/2026\/01\/convergence-SF-2-300x242.png 300w, https:\/\/celiaibanez.fr\/wp-content\/uploads\/2026\/01\/convergence-SF-2-768x620.png 768w\" sizes=\"auto, (max-width: 973px) 100vw, 973px\" \/><\/figure>\n\n\n\n<p>La SouthconV rassemble un large public de passionn\u00e9s de litt\u00e9rature, de cin\u00e9ma et de jeux autour de la science-fiction, du fantastique, de la mythologie, des OVNIS et du myst\u00e8re. Elle s\u2019adresse \u00e9galement aux amateurs de science et de technologies. Au programme: des conf\u00e9rences, des tables rondes th\u00e9matiques, des activit\u00e9s ludiques et la remise de prix avec la participation de nos partenaires, en particulier l&rsquo;Agora Coffee Librairie de N\u00eemes (ouverture officielle en mai!) et les \u00e9ditions ActuSF.<\/p>\n\n\n\n<figure class=\"wp-block-video\"><video height=\"576\" style=\"aspect-ratio: 1024 \/ 576;\" width=\"1024\" controls src=\"https:\/\/celiaibanez.fr\/wp-content\/uploads\/2026\/04\/DKKI6W5P.mp4\"><\/video><\/figure>\n\n\n\n<ul class=\"wp-block-list\">\n<li><strong>Prix SouthconV<\/strong> <strong>des coll\u00e9giens<\/strong> dans 4 cat\u00e9gories : litt\u00e9rature, cin\u00e9ma, sciences et illustration<\/li>\n\n\n\n<li><strong>Grand Prix SouthconV <\/strong>dans 3 cat\u00e9gories: roman, BD et jeunesse<\/li>\n\n\n\n<li><strong>Prix Kyla Stone<\/strong> pour r\u00e9compenser le meilleur roman post-apocalyptique paru dans l&rsquo;ann\u00e9e.<\/li>\n<\/ul>\n\n\n<div class=\"wp-block-image\">\n<figure class=\"aligncenter size-full\"><img loading=\"lazy\" decoding=\"async\" width=\"940\" height=\"788\" src=\"https:\/\/celiaibanez.fr\/wp-content\/uploads\/2026\/03\/gcS1wyv.jpg\" alt=\"\" class=\"wp-image-2089\" srcset=\"https:\/\/celiaibanez.fr\/wp-content\/uploads\/2026\/03\/gcS1wyv.jpg 940w, https:\/\/celiaibanez.fr\/wp-content\/uploads\/2026\/03\/gcS1wyv-300x251.jpg 300w, https:\/\/celiaibanez.fr\/wp-content\/uploads\/2026\/03\/gcS1wyv-768x644.jpg 768w\" sizes=\"auto, (max-width: 940px) 100vw, 940px\" \/><\/figure>\n<\/div>\n\n<div class=\"wp-block-image\">\n<figure class=\"aligncenter size-full\"><img loading=\"lazy\" decoding=\"async\" width=\"1024\" height=\"1024\" src=\"https:\/\/celiaibanez.fr\/wp-content\/uploads\/2026\/03\/dAvI30CX.jpg\" alt=\"\" class=\"wp-image-2091\" srcset=\"https:\/\/celiaibanez.fr\/wp-content\/uploads\/2026\/03\/dAvI30CX.jpg 1024w, https:\/\/celiaibanez.fr\/wp-content\/uploads\/2026\/03\/dAvI30CX-300x300.jpg 300w, https:\/\/celiaibanez.fr\/wp-content\/uploads\/2026\/03\/dAvI30CX-150x150.jpg 150w, https:\/\/celiaibanez.fr\/wp-content\/uploads\/2026\/03\/dAvI30CX-768x768.jpg 768w\" sizes=\"auto, (max-width: 1024px) 100vw, 1024px\" \/><\/figure>\n<\/div>\n\n\n<p><strong>La SouthconV est jumel\u00e9e au festival de l&rsquo;imaginaire MinhoTopia au Portugal<\/strong>, organis\u00e9 par l&rsquo;Institut des sciences sociales de l&rsquo;universit\u00e9 de Minho.<\/p>\n\n\n\n<p><strong>La marraine de la premi\u00e8re \u00e9dition est l&rsquo;autrice am\u00e9ricaine de best-sellers<\/strong> <strong>KYLA STONE<\/strong>, figure internationale des thrillers apocalyptiques \u00e0 succ\u00e8s, avec 2 millions de lecteurs<\/p>\n\n\n\n<p><strong>Le parrain de l&rsquo;\u00e9v\u00e9nement est<\/strong> <strong>J\u00c9R\u00d4ME ALQUI\u00c9<\/strong>, c\u00e9l\u00e8bre dessinateur fran\u00e7ais reconnu notamment pour son travail autour d&rsquo;<em>Albator<\/em>.<\/p>\n\n\n\n<p><strong>Notre invit\u00e9 d&rsquo;honneur est<\/strong> <strong>PHILIPPE GUILLEMANT<\/strong>, ing\u00e9nieur physicien au CNRS, docteur en Physique du Rayonnement et auteur de la th\u00e9orie de la double causalit\u00e9, un mod\u00e8le de cr\u00e9ation de la r\u00e9alit\u00e9 fond\u00e9 sur le libre arbitre.<\/p>\n\n\n<div class=\"wp-block-image\">\n<figure class=\"aligncenter size-large\"><img loading=\"lazy\" decoding=\"async\" width=\"724\" height=\"1024\" src=\"https:\/\/celiaibanez.fr\/wp-content\/uploads\/2026\/04\/1-1-724x1024.png\" alt=\"\" class=\"wp-image-2341\" srcset=\"https:\/\/celiaibanez.fr\/wp-content\/uploads\/2026\/04\/1-1-724x1024.png 724w, https:\/\/celiaibanez.fr\/wp-content\/uploads\/2026\/04\/1-1-212x300.png 212w, https:\/\/celiaibanez.fr\/wp-content\/uploads\/2026\/04\/1-1-768x1086.png 768w, https:\/\/celiaibanez.fr\/wp-content\/uploads\/2026\/04\/1-1-1086x1536.png 1086w, https:\/\/celiaibanez.fr\/wp-content\/uploads\/2026\/04\/1-1-1448x2048.png 1448w, https:\/\/celiaibanez.fr\/wp-content\/uploads\/2026\/04\/1-1-scaled.png 1810w\" sizes=\"auto, (max-width: 724px) 100vw, 724px\" \/><\/figure>\n<\/div>\n\n\n<p>La SouthconV est une exp\u00e9rience premium accessible pour <strong>70 euros seulement.<\/strong> <strong>Ce prix inclut l&rsquo;acc\u00e8s aux conf\u00e9rences + ateliers+ tables rondes+ petit-d\u00e9jeuner  buffet + d\u00e9jeuner complet (entr\u00e9e\/plat\/dessert) + pauses gourmandes + cadre exceptionnel face \u00e0 la m\u00e9diterran\u00e9e. <\/strong><\/p>\n\n\n\n<p><strong>Pour int\u00e9grer le programme de la SouthconV<\/strong> ou si vous avez des questions, nous contacter \u00e0 l&rsquo;adresse suivante : <strong>convergencesf13@gmail.com<\/strong>      <\/p>\n\n\n\n<p class=\"has-medium-font-size\"><strong>Pour vous inscrire \u00e0 la premi\u00e8re \u00e9dition en tant que conventionn\u00e9 : <\/strong><\/p>\n\n\n\n<p class=\"has-medium-font-size\"><a href=\"https:\/\/www.helloasso.com\/associations\/convergence-sf\/adhesions\/adhesion-2026-conventions-sfff-du-grand-sud\">https:\/\/www.helloasso.com\/associations\/convergence-sf\/adhesions\/adhesion-2026-conventions-sfff-du-grand-sud<\/a><\/p>\n\n\n\n<p class=\"has-medium-font-size\"><a href=\"https:\/\/celiaibanez.fr\/index.php\/le-programme-de-la-southconv\/\">Le programme de la SouthConV<\/a><\/p>\n\n\n\n<p class=\"has-medium-font-size\"><a href=\"https:\/\/celiaibanez.fr\/index.php\/les-invites-speciaux-de-la-southconv\/\">Les intervenants<\/a><\/p>\n\n\n\n<p class=\"has-medium-font-size\"><a href=\"https:\/\/celiaibanez.fr\/index.php\/les-partenaires-de-la-southconv\/\">Nos partenaires<\/a><\/p>\n\n\n\n<p class=\"has-medium-font-size\"><a href=\"https:\/\/celiaibanez.fr\/index.php\/les-animateurs-moderateurs\/\">Les animateurs\/mod\u00e9rateurs<\/a><\/p>\n\n\n\n<p class=\"has-medium-font-size\"><a href=\"https:\/\/celiaibanez.fr\/index.php\/la-southconv-dans-la-presse\/\">Dans la presse<\/a><\/p>\n\n\n\n<p class=\"has-medium-font-size\"><a href=\"https:\/\/celiaibanez.fr\/index.php\/les-sujets-2026-des-concours-southconv-des-colleges\/\">Les sujets des concours pour les coll\u00e9giens<\/a><\/p>\n\n\n\n<p class=\"has-medium-font-size\"><strong>La liste des nomin\u00e9s pour les prix arrive bient\u00f4t !<\/strong><\/p>\n\n\n<div class=\"wp-block-image\">\n<figure class=\"aligncenter size-large\"><img loading=\"lazy\" decoding=\"async\" width=\"772\" height=\"1024\" src=\"https:\/\/celiaibanez.fr\/wp-content\/uploads\/2026\/03\/643416136_10163767755041187_1277608442631296402_n-772x1024.jpg\" alt=\"\" class=\"wp-image-2069\" srcset=\"https:\/\/celiaibanez.fr\/wp-content\/uploads\/2026\/03\/643416136_10163767755041187_1277608442631296402_n-772x1024.jpg 772w, https:\/\/celiaibanez.fr\/wp-content\/uploads\/2026\/03\/643416136_10163767755041187_1277608442631296402_n-226x300.jpg 226w, https:\/\/celiaibanez.fr\/wp-content\/uploads\/2026\/03\/643416136_10163767755041187_1277608442631296402_n-768x1019.jpg 768w, https:\/\/celiaibanez.fr\/wp-content\/uploads\/2026\/03\/643416136_10163767755041187_1277608442631296402_n.jpg 880w\" sizes=\"auto, (max-width: 772px) 100vw, 772px\" \/><\/figure>\n<\/div>\n\n<div class=\"wp-block-image\">\n<figure class=\"aligncenter size-large\"><img loading=\"lazy\" decoding=\"async\" width=\"683\" height=\"1024\" src=\"https:\/\/celiaibanez.fr\/wp-content\/uploads\/2026\/03\/southconv-683x1024.jpg\" alt=\"\" class=\"wp-image-2072\" srcset=\"https:\/\/celiaibanez.fr\/wp-content\/uploads\/2026\/03\/southconv-683x1024.jpg 683w, https:\/\/celiaibanez.fr\/wp-content\/uploads\/2026\/03\/southconv-200x300.jpg 200w, https:\/\/celiaibanez.fr\/wp-content\/uploads\/2026\/03\/southconv-768x1152.jpg 768w, https:\/\/celiaibanez.fr\/wp-content\/uploads\/2026\/03\/southconv.jpg 1024w\" sizes=\"auto, (max-width: 683px) 100vw, 683px\" \/><\/figure>\n<\/div>\n\n<div class=\"wp-block-image\">\n<figure class=\"aligncenter size-full\"><a href=\"https:\/\/www.instagram.com\/p\/DVtjz1HDcfI\/\"><img loading=\"lazy\" decoding=\"async\" width=\"1024\" height=\"1024\" src=\"https:\/\/celiaibanez.fr\/wp-content\/uploads\/2026\/03\/Lgcb-Ekl.jpg\" alt=\"\" class=\"wp-image-2084\" srcset=\"https:\/\/celiaibanez.fr\/wp-content\/uploads\/2026\/03\/Lgcb-Ekl.jpg 1024w, https:\/\/celiaibanez.fr\/wp-content\/uploads\/2026\/03\/Lgcb-Ekl-300x300.jpg 300w, https:\/\/celiaibanez.fr\/wp-content\/uploads\/2026\/03\/Lgcb-Ekl-150x150.jpg 150w, https:\/\/celiaibanez.fr\/wp-content\/uploads\/2026\/03\/Lgcb-Ekl-768x768.jpg 768w\" sizes=\"auto, (max-width: 1024px) 100vw, 1024px\" \/><\/a><\/figure>\n<\/div>\n\n<div class=\"wp-block-image\">\n<figure class=\"aligncenter size-full\"><a href=\"https:\/\/www.instagram.com\/p\/DV3FWyJDGsc\/\"><img loading=\"lazy\" decoding=\"async\" width=\"1024\" height=\"1024\" src=\"https:\/\/celiaibanez.fr\/wp-content\/uploads\/2026\/03\/d6mzL3zW.jpg\" alt=\"\" class=\"wp-image-2086\" srcset=\"https:\/\/celiaibanez.fr\/wp-content\/uploads\/2026\/03\/d6mzL3zW.jpg 1024w, https:\/\/celiaibanez.fr\/wp-content\/uploads\/2026\/03\/d6mzL3zW-300x300.jpg 300w, https:\/\/celiaibanez.fr\/wp-content\/uploads\/2026\/03\/d6mzL3zW-150x150.jpg 150w, https:\/\/celiaibanez.fr\/wp-content\/uploads\/2026\/03\/d6mzL3zW-768x768.jpg 768w\" sizes=\"auto, (max-width: 1024px) 100vw, 1024px\" \/><\/a><\/figure>\n<\/div>\n\n<div class=\"wp-block-image\">\n<figure class=\"aligncenter size-full\"><img loading=\"lazy\" decoding=\"async\" width=\"1024\" height=\"1024\" src=\"https:\/\/celiaibanez.fr\/wp-content\/uploads\/2026\/03\/LSl9ztSH.jpg\" alt=\"\" class=\"wp-image-2087\" srcset=\"https:\/\/celiaibanez.fr\/wp-content\/uploads\/2026\/03\/LSl9ztSH.jpg 1024w, https:\/\/celiaibanez.fr\/wp-content\/uploads\/2026\/03\/LSl9ztSH-300x300.jpg 300w, https:\/\/celiaibanez.fr\/wp-content\/uploads\/2026\/03\/LSl9ztSH-150x150.jpg 150w, https:\/\/celiaibanez.fr\/wp-content\/uploads\/2026\/03\/LSl9ztSH-768x768.jpg 768w\" sizes=\"auto, (max-width: 1024px) 100vw, 1024px\" \/><\/figure>\n<\/div>\n\n<div class=\"wp-block-image\">\n<figure class=\"aligncenter size-large\"><a href=\"https:\/\/www.instagram.com\/p\/DVg0kFkjKS1\/?img_index=1\"><img loading=\"lazy\" decoding=\"async\" width=\"1024\" height=\"859\" src=\"https:\/\/celiaibanez.fr\/wp-content\/uploads\/2026\/03\/JszaYYWO-1024x859.jpg\" alt=\"\" class=\"wp-image-2097\" srcset=\"https:\/\/celiaibanez.fr\/wp-content\/uploads\/2026\/03\/JszaYYWO-1024x859.jpg 1024w, https:\/\/celiaibanez.fr\/wp-content\/uploads\/2026\/03\/JszaYYWO-300x252.jpg 300w, https:\/\/celiaibanez.fr\/wp-content\/uploads\/2026\/03\/JszaYYWO-768x644.jpg 768w, https:\/\/celiaibanez.fr\/wp-content\/uploads\/2026\/03\/JszaYYWO-1536x1288.jpg 1536w, https:\/\/celiaibanez.fr\/wp-content\/uploads\/2026\/03\/JszaYYWO.jpg 2048w\" sizes=\"auto, (max-width: 1024px) 100vw, 1024px\" \/><\/a><\/figure>\n<\/div>\n\n\n<figure class=\"wp-block-embed is-type-wp-embed is-provider-c-lia-ibanez wp-block-embed-c-lia-ibanez\"><div class=\"wp-block-embed__wrapper\">\n<blockquote class=\"wp-embedded-content\" data-secret=\"JTqKUdB2YR\"><a href=\"https:\/\/celiaibanez.fr\/index.php\/convergence-sf-et-la-southconv-sont-sur-les-reseaux-sociaux\/\">ConVergence SF et la SouthconV sont sur les r\u00e9seaux sociaux<\/a><\/blockquote><iframe loading=\"lazy\" class=\"wp-embedded-content\" sandbox=\"allow-scripts\" security=\"restricted\" style=\"position: absolute; visibility: hidden;\" title=\"\u00ab\u00a0ConVergence SF et la SouthconV sont sur les r\u00e9seaux sociaux\u00a0\u00bb &#8212; C\u00e9lia Ibanez\" src=\"https:\/\/celiaibanez.fr\/index.php\/convergence-sf-et-la-southconv-sont-sur-les-reseaux-sociaux\/embed\/#?secret=FZ5Hz8WJ9A#?secret=JTqKUdB2YR\" data-secret=\"JTqKUdB2YR\" width=\"474\" height=\"267\" frameborder=\"0\" marginwidth=\"0\" marginheight=\"0\" scrolling=\"no\"><\/iframe>\n<\/div><\/figure>\n\n\n\n<p><\/p>\n","protected":false},"excerpt":{"rendered":"<p>EN 2026, J&rsquo;AI CR\u00c9E L&rsquo;ASSOCIATION \u00ab\u00a0CONVERGENCE SF\u00a0\u00bb, QUI ORGANISE LA CONVENTION R\u00c9GIONALE (GRAND SUD-EST) DE SCIENCE-FICTION (LA \u00ab\u00a0SOUTHCONV\u00a0\u00bb). L&rsquo;OBJECTIF: PROMOUVOIR ET VALORISER TOUTES LES PRODUCTIONS ET CR\u00c9ATIONS LI\u00c9ES \u00c0 LA SCIENCE-FICTION, AU FANTASTIQUE ET \u00c0 LA FANTASY. CONVERGENCE SF SE DONNE AUSSI POUR MISSION DE FAVORISER LA D\u00c9COUVERTE, LA R\u00c9FLEXION ET LA VULGARISATION SCIENTIFIQUE, TOUT &hellip; <a href=\"https:\/\/celiaibanez.fr\/index.php\/convergence-sf-3\/\" class=\"more-link\">Continuer la lecture de <span class=\"screen-reader-text\">CONVERGENCE SF<\/span>  <span class=\"meta-nav\">&rarr;<\/span><\/a><\/p>\n","protected":false},"author":5,"featured_media":2024,"parent":0,"menu_order":0,"comment_status":"closed","ping_status":"closed","template":"","meta":{"footnotes":""},"class_list":["post-2027","page","type-page","status-publish","has-post-thumbnail","hentry"],"_links":{"self":[{"href":"https:\/\/celiaibanez.fr\/index.php\/wp-json\/wp\/v2\/pages\/2027","targetHints":{"allow":["GET"]}}],"collection":[{"href":"https:\/\/celiaibanez.fr\/index.php\/wp-json\/wp\/v2\/pages"}],"about":[{"href":"https:\/\/celiaibanez.fr\/index.php\/wp-json\/wp\/v2\/types\/page"}],"author":[{"embeddable":true,"href":"https:\/\/celiaibanez.fr\/index.php\/wp-json\/wp\/v2\/users\/5"}],"replies":[{"embeddable":true,"href":"https:\/\/celiaibanez.fr\/index.php\/wp-json\/wp\/v2\/comments?post=2027"}],"version-history":[{"count":47,"href":"https:\/\/celiaibanez.fr\/index.php\/wp-json\/wp\/v2\/pages\/2027\/revisions"}],"predecessor-version":[{"id":2532,"href":"https:\/\/celiaibanez.fr\/index.php\/wp-json\/wp\/v2\/pages\/2027\/revisions\/2532"}],"wp:featuredmedia":[{"embeddable":true,"href":"https:\/\/celiaibanez.fr\/index.php\/wp-json\/wp\/v2\/media\/2024"}],"wp:attachment":[{"href":"https:\/\/celiaibanez.fr\/index.php\/wp-json\/wp\/v2\/media?parent=2027"}],"curies":[{"name":"wp","href":"https:\/\/api.w.org\/{rel}","templated":true}]}}