{"id":2132,"date":"2026-03-22T15:25:03","date_gmt":"2026-03-22T14:25:03","guid":{"rendered":"https:\/\/celiaibanez.fr\/?page_id=2132"},"modified":"2026-05-01T17:06:35","modified_gmt":"2026-05-01T15:06:35","slug":"le-programme-de-la-southconv","status":"publish","type":"page","link":"https:\/\/celiaibanez.fr\/index.php\/le-programme-de-la-southconv\/","title":{"rendered":"LE PROGRAMME DE LA SOUTHCONV"},"content":{"rendered":"\n<p class=\"has-medium-font-size\"><strong>La convention est pens\u00e9e comme une journ\u00e9e immersive m\u00ealant conf\u00e9rences, tables rondes, ateliers et moments conviviaux. <\/strong><\/p>\n\n\n\n<p class=\"has-medium-font-size\">D\u00e9roul\u00e9 pr\u00e9visionnel de la journ\u00e9e du 4 juillet 2026<\/p>\n\n\n\n<p class=\"has-medium-font-size\"><em>9h \u2013 10h:<\/em> Accueil des participants, discours d\u2019ouverture, caf\u00e9 d\u2019accueil\/ petit d\u00e9jeuner et briefing pour le jeu surprise <em>Mystery Rush<\/em><\/p>\n\n\n\n<p class=\"has-medium-font-size\"><em>10h \u2013 10h45: <\/em><strong>Conf\u00e9rence : \u00ab Peut-on se souvenir du futur?\u00bb<\/strong>, Intervention de Philippe Guillemant.<\/p>\n\n\n\n<p class=\"has-medium-font-size\"><em>10h45 \u2013 12h: <\/em>Temps d\u2019\u00e9changes et d\u2019animations : Ateliers, rencontres, d\u00e9dicaces d\u2019auteurs, jeux de r\u00f4le.<\/p>\n\n\n\n<p class=\"has-text-align-center has-medium-font-size\"><em><strong>Le coin des chamanes<\/strong><\/em><\/p>\n\n\n\n<p class=\"has-text-align-center has-medium-font-size\">&#8211; Talismans et potions magiques avec Les Cr\u00e9ations de Blondie<\/p>\n\n\n\n<p class=\"has-text-align-center has-medium-font-size\">&#8211; Massage Steampunk en musique avec Marisa Palmano<\/p>\n\n\n\n<p class=\"has-text-align-center has-medium-font-size\">&#8211; Oracles des harmoniques et astrologie avec Angelo Lauria<\/p>\n\n\n\n<p class=\"has-medium-font-size\"><\/p>\n\n\n\n<p class=\"has-text-align-center has-medium-font-size\"><em><strong>Le sanctuaire des r\u00e9cits<\/strong><\/em><\/p>\n\n\n\n<p class=\"has-text-align-center has-medium-font-size\">&#8211; Agora Coffee Librairie: auteurs en d\u00e9dicaces<\/p>\n\n\n\n<p class=\"has-medium-font-size\"><\/p>\n\n\n\n<p class=\"has-text-align-center has-medium-font-size\"><em><strong>Le cercle des enlumineurs<\/strong><\/em><\/p>\n\n\n\n<p class=\"has-text-align-center has-medium-font-size\">&#8211; Rage series avec Eric Peyron : d\u00e9dicaces<\/p>\n\n\n\n<p class=\"has-text-align-center has-medium-font-size\">&#8211; Cartoon vibes avec notre invit\u00e9 surprise : atelier BD et d\u00e9dicaces<\/p>\n\n\n\n<p class=\"has-medium-font-size\"><\/p>\n\n\n\n<p class=\"has-text-align-center has-medium-font-size\"><em><strong>La taverne des h\u00e9ros<\/strong><\/em><\/p>\n\n\n\n<p class=\"has-text-align-center has-medium-font-size\">&#8211; <em>Mysteria 1920<\/em>&nbsp;avec Fabien Cl\u00e9menti. (2 \u00e0 5 joueurs)<\/p>\n\n\n\n<p class=\"has-text-align-center\">Plongez dans la France des ann\u00e9es folles\u2026 Vous incarnez des occultistes \u00e0 la recherche de secrets \u00e9sot\u00e9riques. Cr\u00e9ez une histoire UNIQUE \u00e0 partir de cartes (lieux, personnages, objets\u2026) Chaque partie = une aventure diff\u00e9rente. Imaginez : un tarot vivant + un r\u00e9cit collectif + une ambiance mystique !<\/p>\n\n\n\n<p class=\"has-text-align-center has-medium-font-size\">&#8211; <em>Mindjammer<\/em> avec Fabien Rivera. (JDR, 4 \u00e0 5 joueurs)<\/p>\n\n\n\n<p class=\"has-text-align-center\">Un jeu de r\u00f4le de science-fiction vertigineux imagin\u00e9 par Sarah Newton. An 17 000 apr\u00e8s J.-C: l\u2019humanit\u00e9 red\u00e9couvre ses anciennes colonies. Le voyage plus rapide que la lumi\u00e8re bouleverse tout. Des mondes \u00e9tranges, des cultures m\u00e9connaissables\u2026 parfois plus humaines que l\u2019humain. Une aventure \u00e9pique et immersive !<\/p>\n\n\n\n<p><\/p>\n\n\n\n<p class=\"has-text-align-center has-medium-font-size\"><em><strong>La Vigie des cieux<\/strong><\/em><\/p>\n\n\n\n<p class=\"has-text-align-center has-medium-font-size\">&#8211; Exposition sur les OVNIS et la vie extraterrestre avec la team <strong>C<\/strong>entre d&rsquo;<strong>E<\/strong>tudes <strong>O<\/strong>vnis <strong>F<\/strong>rance<\/p>\n\n\n\n<p class=\"has-text-align-center has-medium-font-size\">&#8211; Les repas Ufologiques de Marseille<\/p>\n\n\n\n<p><\/p>\n\n\n\n<p class=\"has-text-align-center has-medium-font-size\"><em><strong>L&rsquo;holocron des l\u00e9gendes<\/strong><\/em><\/p>\n\n\n\n<p class=\"has-text-align-center has-medium-font-size\">&#8211; Spatio-Quiz: les films SF cultes avec 12 Parsecs<\/p>\n\n\n\n<p class=\"has-medium-font-size\"><\/p>\n\n\n\n<p class=\"has-medium-font-size\"><em>12h \u2013 12h45: <\/em><strong>Table ronde : \u00ab Cr\u00e9er avec l\u2019IA : imposture ou r\u00e9volution ? \u00bb<\/strong>, avec AstroCed Cybermind, Mario Morisi, Eric Magr\u00e9, Maeve Spiral et Alain Cruz. Animateur\/mod\u00e9rateur: Jean-Charles Favat<\/p>\n\n\n\n<p class=\"has-medium-font-size\">13h \u2013 14h: D\u00e9jeuner convivial. <\/p>\n\n\n\n<p class=\"has-medium-font-size\"><em>14h15 \u2013 15h15: Mystery Rush<\/em> (24 joueurs) avec Fabien Cl\u00e9menti.<\/p>\n\n\n\n<p class=\"has-text-align-center\">Jeu d\u2019enqu\u00eate grandeur nature (type escape game g\u00e9ant). Deux galaxies en guerre tentent une paix fragile\u2026 MAIS les cadeaux diplomatiques disparaissent ! \u00c0 vous de mener l\u2019enqu\u00eate, d\u00e9masquer le coupable sauver (peut-\u00eatre) la galaxie ! Strat\u00e9gie, coop\u00e9ration, tension\u2026 et fun garanti !<\/p>\n\n\n\n<p class=\"has-medium-font-size\"><em>15h15 \u2013 16h00: <\/em><strong>Conf\u00e9rence : \u00ab Le ph\u00e9nom\u00e8ne OVNI, miroir de nous-m\u00eames ? \u00bb<\/strong> Intervention de Mike Aldebaran.<\/p>\n\n\n\n<p class=\"has-medium-font-size\"><em>16h00\u201316h45: <\/em><strong>Table ronde : \u00ab Neuro-sciences et science-fiction : qui inspire qui ? \u00bb<\/strong>, Charles Maxence Layet, Julien Sase, Pierre Luciani + 1 invit\u00e9 surprise. Animateur\/mod\u00e9rateur: Jean-Charles Favat<\/p>\n\n\n\n<p class=\"has-medium-font-size\"><em>16h45-17h15 : <\/em>Pause caf\u00e9\/th\u00e9\/g\u00e2teaux<\/p>\n\n\n\n<p class=\"has-medium-font-size\"><em>17h15\u2013 18h00: <\/em><strong>Table ronde : \u00ab Atlantide, g\u00e9ants et mondes perdus : les grands myst\u00e8res qui inspirent la science-fiction \u00bb<\/strong>: Herv\u00e9 Redelberger (Monde Myst\u00e9rieux), Fabrice Bianchin, Eric Lysoe , 12 Parsecs et Christina Ruocco. Animatrice \/mod\u00e9ratrice: Pascale Battistelli. <\/p>\n\n\n\n<p class=\"has-medium-font-size\"><em>18h00 \u2013 18h30 : <\/em>C\u00e9r\u00e9monie de remise des prix SouthconV et cl\u00f4ture de la convention.<\/p>\n\n\n\n<p class=\"has-text-align-center has-medium-font-size\"><strong>Les prix SouthconV   :<\/strong><\/p>\n\n\n\n<p class=\"has-text-align-center has-medium-font-size\"> -Grand Prix SouthconV (roman SFFF)<\/p>\n\n\n\n<p class=\"has-text-align-center has-medium-font-size\">&#8211; Prix BD SFFF <\/p>\n\n\n\n<p class=\"has-text-align-center has-medium-font-size\">&#8211; Prix jeunesse SFFF<\/p>\n\n\n\n<p class=\"has-text-align-center has-medium-font-size\">&#8211;  Prix Kyla Stone (sp\u00e9cial roman post apocalyptique)<\/p>\n\n\n\n<p class=\"has-medium-font-size\"><\/p>\n\n\n\n<p class=\"has-text-align-center has-medium-font-size\"><strong>Les prix SouthconV des coll\u00e9giens :<\/strong><\/p>\n\n\n\n<p class=\"has-text-align-center has-medium-font-size\">&#8211; Meilleure nouvelle SFFF<\/p>\n\n\n\n<p class=\"has-text-align-center has-medium-font-size\">&#8211;  Meilleur d\u00e9bunking scientifique<\/p>\n\n\n\n<p class=\"has-text-align-center has-medium-font-size\">&#8211; Prix J\u00e9r\u00f4me Alqui\u00e9 (meilleure illustration)<\/p>\n\n\n\n<p class=\"has-text-align-center has-medium-font-size\">&#8211; Prix cin\u00e9ma (meilleure r\u00e9alisation)<\/p>\n\n\n\n<p><\/p>\n\n\n\n<p class=\"has-medium-font-size\"><em>18h30- minuit:<\/em> Soir\u00e9e informelle (hors passe convention)<\/p>\n\n\n\n<p class=\"has-text-align-center has-medium-font-size\">&#8211; <em><strong>Le comptoir des l\u00e9gendes<\/strong><\/em><\/p>\n\n\n\n<p class=\"has-text-align-center has-medium-font-size\">Ap\u00e9ro\/tapas\/repas <\/p>\n\n\n\n<p class=\"has-text-align-center has-medium-font-size\">&#8211; <strong> Les Irr\u00e9ductibles<\/strong><\/p>\n\n\n\n<p class=\"has-text-align-center has-medium-font-size\">Fin de soir\u00e9e au bar karaok\u00e9 Le Gotha: ambiance garantie!<\/p>\n\n\n\n<p class=\"has-medium-font-size\"><a href=\"https:\/\/celiaibanez.fr\/index.php\/les-invites-speciaux-de-la-southconv\/\">Les intervenants de la SouthconV<\/a><\/p>\n\n\n\n<p class=\"has-medium-font-size\"><a href=\"https:\/\/celiaibanez.fr\/index.php\/les-partenaires-de-la-southconv\/\">Les partenaires de la SouthconV<\/a><\/p>\n\n\n\n<p class=\"has-medium-font-size\"><a href=\"https:\/\/www.helloasso.com\/associations\/convergence-sf\/adhesions\/adhesion-2026-conventions-sfff-du-grand-sud\">S&rsquo;inscrire \u00e0 la SouthconV<\/a><\/p>\n\n\n\n<p class=\"has-medium-font-size\"><a href=\"https:\/\/celiaibanez.fr\/index.php\/les-sujets-2026-des-concours-southconv-des-colleges\/\">Les sujets des concours SouthconV des coll\u00e9giens<\/a><\/p>\n\n\n\n<figure class=\"wp-block-embed is-type-wp-embed is-provider-c-lia-ibanez wp-block-embed-c-lia-ibanez\"><div class=\"wp-block-embed__wrapper\">\n<blockquote class=\"wp-embedded-content\" data-secret=\"EmH7mFYcxP\"><a href=\"https:\/\/celiaibanez.fr\/index.php\/convergence-sf-et-la-southconv-sont-sur-les-reseaux-sociaux\/\">ConVergence SF et la SouthconV sont sur les r\u00e9seaux sociaux<\/a><\/blockquote><iframe loading=\"lazy\" class=\"wp-embedded-content\" sandbox=\"allow-scripts\" security=\"restricted\" style=\"position: absolute; visibility: hidden;\" title=\"\u00ab\u00a0ConVergence SF et la SouthconV sont sur les r\u00e9seaux sociaux\u00a0\u00bb &#8212; C\u00e9lia Ibanez\" src=\"https:\/\/celiaibanez.fr\/index.php\/convergence-sf-et-la-southconv-sont-sur-les-reseaux-sociaux\/embed\/#?secret=g2ZwPrfUR9#?secret=EmH7mFYcxP\" data-secret=\"EmH7mFYcxP\" width=\"474\" height=\"267\" frameborder=\"0\" marginwidth=\"0\" marginheight=\"0\" scrolling=\"no\"><\/iframe>\n<\/div><\/figure>\n\n\n<div class=\"wp-block-image\">\n<figure class=\"aligncenter size-large\"><img loading=\"lazy\" decoding=\"async\" width=\"724\" height=\"1024\" src=\"https:\/\/celiaibanez.fr\/wp-content\/uploads\/2026\/04\/\u20184-724x1024.jpg\" alt=\"\" class=\"wp-image-2336\" srcset=\"https:\/\/celiaibanez.fr\/wp-content\/uploads\/2026\/04\/\u20184-724x1024.jpg 724w, https:\/\/celiaibanez.fr\/wp-content\/uploads\/2026\/04\/\u20184-212x300.jpg 212w, https:\/\/celiaibanez.fr\/wp-content\/uploads\/2026\/04\/\u20184-768x1086.jpg 768w, https:\/\/celiaibanez.fr\/wp-content\/uploads\/2026\/04\/\u20184-1086x1536.jpg 1086w, https:\/\/celiaibanez.fr\/wp-content\/uploads\/2026\/04\/\u20184-1448x2048.jpg 1448w, https:\/\/celiaibanez.fr\/wp-content\/uploads\/2026\/04\/\u20184-scaled.jpg 1810w\" sizes=\"auto, (max-width: 724px) 100vw, 724px\" \/><\/figure>\n<\/div>\n\n\n<p><\/p>\n","protected":false},"excerpt":{"rendered":"<p>La convention est pens\u00e9e comme une journ\u00e9e immersive m\u00ealant conf\u00e9rences, tables rondes, ateliers et moments conviviaux. D\u00e9roul\u00e9 pr\u00e9visionnel de la journ\u00e9e du 4 juillet 2026 9h \u2013 10h: Accueil des participants, discours d\u2019ouverture, caf\u00e9 d\u2019accueil\/ petit d\u00e9jeuner et briefing pour le jeu surprise Mystery Rush 10h \u2013 10h45: Conf\u00e9rence : \u00ab Peut-on se souvenir du &hellip; <a href=\"https:\/\/celiaibanez.fr\/index.php\/le-programme-de-la-southconv\/\" class=\"more-link\">Continuer la lecture de <span class=\"screen-reader-text\">LE PROGRAMME DE LA SOUTHCONV<\/span>  <span class=\"meta-nav\">&rarr;<\/span><\/a><\/p>\n","protected":false},"author":5,"featured_media":0,"parent":0,"menu_order":0,"comment_status":"closed","ping_status":"closed","template":"","meta":{"footnotes":""},"class_list":["post-2132","page","type-page","status-publish","hentry"],"_links":{"self":[{"href":"https:\/\/celiaibanez.fr\/index.php\/wp-json\/wp\/v2\/pages\/2132","targetHints":{"allow":["GET"]}}],"collection":[{"href":"https:\/\/celiaibanez.fr\/index.php\/wp-json\/wp\/v2\/pages"}],"about":[{"href":"https:\/\/celiaibanez.fr\/index.php\/wp-json\/wp\/v2\/types\/page"}],"author":[{"embeddable":true,"href":"https:\/\/celiaibanez.fr\/index.php\/wp-json\/wp\/v2\/users\/5"}],"replies":[{"embeddable":true,"href":"https:\/\/celiaibanez.fr\/index.php\/wp-json\/wp\/v2\/comments?post=2132"}],"version-history":[{"count":50,"href":"https:\/\/celiaibanez.fr\/index.php\/wp-json\/wp\/v2\/pages\/2132\/revisions"}],"predecessor-version":[{"id":2419,"href":"https:\/\/celiaibanez.fr\/index.php\/wp-json\/wp\/v2\/pages\/2132\/revisions\/2419"}],"wp:attachment":[{"href":"https:\/\/celiaibanez.fr\/index.php\/wp-json\/wp\/v2\/media?parent=2132"}],"curies":[{"name":"wp","href":"https:\/\/api.w.org\/{rel}","templated":true}]}}