{"id":2365,"date":"2026-04-23T11:38:28","date_gmt":"2026-04-23T09:38:28","guid":{"rendered":"https:\/\/celiaibanez.fr\/?page_id=2365"},"modified":"2026-05-01T17:21:45","modified_gmt":"2026-05-01T15:21:45","slug":"convergence-sf-et-la-southconv-sont-sur-les-reseaux-sociaux","status":"publish","type":"page","link":"https:\/\/celiaibanez.fr\/index.php\/convergence-sf-et-la-southconv-sont-sur-les-reseaux-sociaux\/","title":{"rendered":"ConVergence SF et la SouthconV sont sur les r\u00e9seaux sociaux"},"content":{"rendered":"\n<p class=\"has-medium-font-size\"><strong>Suivez nos publications sur l&rsquo;ensemble de ces r\u00e9seaux. Abonnez-vous  !<\/strong><\/p>\n\n\n<div class=\"wp-block-image\">\n<figure class=\"aligncenter size-full is-resized\"><a href=\"https:\/\/www.instagram.com\/convergencesf\/\"><img loading=\"lazy\" decoding=\"async\" width=\"413\" height=\"425\" src=\"https:\/\/celiaibanez.fr\/wp-content\/uploads\/2026\/04\/insta.jpg\" alt=\"\" class=\"wp-image-2368\" style=\"width:101px;height:auto\" srcset=\"https:\/\/celiaibanez.fr\/wp-content\/uploads\/2026\/04\/insta.jpg 413w, https:\/\/celiaibanez.fr\/wp-content\/uploads\/2026\/04\/insta-292x300.jpg 292w\" sizes=\"auto, (max-width: 413px) 100vw, 413px\" \/><\/a><\/figure>\n<\/div>\n\n<div class=\"wp-block-image\">\n<figure class=\"aligncenter size-full is-resized\"><a href=\"https:\/\/www.facebook.com\/profile.php?id=61588358454621\"><img loading=\"lazy\" decoding=\"async\" width=\"405\" height=\"398\" src=\"https:\/\/celiaibanez.fr\/wp-content\/uploads\/2026\/04\/fb.jpg\" alt=\"\" class=\"wp-image-2369\" style=\"aspect-ratio:1.0176312703994554;object-fit:cover;width:101px\" srcset=\"https:\/\/celiaibanez.fr\/wp-content\/uploads\/2026\/04\/fb.jpg 405w, https:\/\/celiaibanez.fr\/wp-content\/uploads\/2026\/04\/fb-300x295.jpg 300w\" sizes=\"auto, (max-width: 405px) 100vw, 405px\" \/><\/a><\/figure>\n<\/div>\n\n<div class=\"wp-block-image\">\n<figure class=\"aligncenter size-full is-resized\"><a href=\"https:\/\/www.tiktok.com\/@celiaibanez13?_r=1&amp;_t=ZN-95m7ck8T7wM\"><img loading=\"lazy\" decoding=\"async\" width=\"378\" height=\"391\" src=\"https:\/\/celiaibanez.fr\/wp-content\/uploads\/2026\/04\/tik-tokJPG.jpg\" alt=\"\" class=\"wp-image-2373\" style=\"width:101px\" srcset=\"https:\/\/celiaibanez.fr\/wp-content\/uploads\/2026\/04\/tik-tokJPG.jpg 378w, https:\/\/celiaibanez.fr\/wp-content\/uploads\/2026\/04\/tik-tokJPG-290x300.jpg 290w\" sizes=\"auto, (max-width: 378px) 100vw, 378px\" \/><\/a><\/figure>\n<\/div>\n\n\n<p class=\"has-medium-font-size\"><a href=\"https:\/\/www.helloasso.com\/associations\/convergence-sf\/adhesions\/adhesion-2026-conventions-sfff-du-grand-sud\">S&rsquo;incrire \u00e0 la SouthconV<\/a><\/p>\n\n\n\n<p class=\"has-medium-font-size\"><a href=\"https:\/\/celiaibanez.fr\/index.php\/le-programme-de-la-southconv\/\">Le programme de la SouthConV<\/a><\/p>\n\n\n\n<p class=\"has-medium-font-size\"><a href=\"https:\/\/celiaibanez.fr\/index.php\/les-invites-speciaux-de-la-southconv\/\">Les intervenants<\/a><\/p>\n\n\n\n<p class=\"has-medium-font-size\"><a href=\"https:\/\/celiaibanez.fr\/index.php\/les-partenaires-de-la-southconv\/\">Nos partenaires<\/a><\/p>\n\n\n\n<p class=\"has-medium-font-size\"><a href=\"https:\/\/celiaibanez.fr\/index.php\/les-sujets-2026-des-concours-southconv-des-colleges\/\">Les sujets des concours SouthconV des coll\u00e9giens<\/a><\/p>\n","protected":false},"excerpt":{"rendered":"<p>Suivez nos publications sur l&rsquo;ensemble de ces r\u00e9seaux. Abonnez-vous ! S&rsquo;incrire \u00e0 la SouthconV Le programme de la SouthConV Les intervenants Nos partenaires Les sujets des concours SouthconV des coll\u00e9giens<\/p>\n","protected":false},"author":5,"featured_media":2375,"parent":0,"menu_order":0,"comment_status":"closed","ping_status":"closed","template":"","meta":{"footnotes":""},"class_list":["post-2365","page","type-page","status-publish","has-post-thumbnail","hentry"],"_links":{"self":[{"href":"https:\/\/celiaibanez.fr\/index.php\/wp-json\/wp\/v2\/pages\/2365","targetHints":{"allow":["GET"]}}],"collection":[{"href":"https:\/\/celiaibanez.fr\/index.php\/wp-json\/wp\/v2\/pages"}],"about":[{"href":"https:\/\/celiaibanez.fr\/index.php\/wp-json\/wp\/v2\/types\/page"}],"author":[{"embeddable":true,"href":"https:\/\/celiaibanez.fr\/index.php\/wp-json\/wp\/v2\/users\/5"}],"replies":[{"embeddable":true,"href":"https:\/\/celiaibanez.fr\/index.php\/wp-json\/wp\/v2\/comments?post=2365"}],"version-history":[{"count":9,"href":"https:\/\/celiaibanez.fr\/index.php\/wp-json\/wp\/v2\/pages\/2365\/revisions"}],"predecessor-version":[{"id":2431,"href":"https:\/\/celiaibanez.fr\/index.php\/wp-json\/wp\/v2\/pages\/2365\/revisions\/2431"}],"wp:featuredmedia":[{"embeddable":true,"href":"https:\/\/celiaibanez.fr\/index.php\/wp-json\/wp\/v2\/media\/2375"}],"wp:attachment":[{"href":"https:\/\/celiaibanez.fr\/index.php\/wp-json\/wp\/v2\/media?parent=2365"}],"curies":[{"name":"wp","href":"https:\/\/api.w.org\/{rel}","templated":true}]}}