{"id":2447,"date":"2026-05-04T17:17:55","date_gmt":"2026-05-04T15:17:55","guid":{"rendered":"https:\/\/celiaibanez.fr\/?page_id=2447"},"modified":"2026-05-07T13:30:51","modified_gmt":"2026-05-07T11:30:51","slug":"la-southconv-dans-la-presse","status":"publish","type":"page","link":"https:\/\/celiaibanez.fr\/index.php\/la-southconv-dans-la-presse\/","title":{"rendered":"LA SOUTHCONV, DANS LA PRESSE"},"content":{"rendered":"\n<h2 class=\"wp-block-heading\">Les parutions seront affich\u00e9es ici au fur et \u00e0 mesure&#8230; Restez connect\u00e9s !<\/h2>\n\n\n<div class=\"wp-block-image\">\n<figure class=\"aligncenter size-large\"><a href=\"https:\/\/celiaibanez.fr\/index.php\/la-southconv-dans-la-presse\/\"><img loading=\"lazy\" decoding=\"async\" width=\"633\" height=\"1024\" src=\"https:\/\/celiaibanez.fr\/wp-content\/uploads\/2026\/05\/iTxi_bbN-1-633x1024.jpg\" alt=\"\" class=\"wp-image-2448\" srcset=\"https:\/\/celiaibanez.fr\/wp-content\/uploads\/2026\/05\/iTxi_bbN-1-633x1024.jpg 633w, https:\/\/celiaibanez.fr\/wp-content\/uploads\/2026\/05\/iTxi_bbN-1-185x300.jpg 185w, https:\/\/celiaibanez.fr\/wp-content\/uploads\/2026\/05\/iTxi_bbN-1-768x1242.jpg 768w, https:\/\/celiaibanez.fr\/wp-content\/uploads\/2026\/05\/iTxi_bbN-1-950x1536.jpg 950w, https:\/\/celiaibanez.fr\/wp-content\/uploads\/2026\/05\/iTxi_bbN-1.jpg 1080w\" sizes=\"auto, (max-width: 633px) 100vw, 633px\" \/><\/a><\/figure>\n<\/div>\n\n\n<figure class=\"wp-block-image size-large\"><img loading=\"lazy\" decoding=\"async\" width=\"823\" height=\"1024\" src=\"https:\/\/celiaibanez.fr\/wp-content\/uploads\/2026\/05\/1000040565-823x1024.jpg\" alt=\"\" class=\"wp-image-2483\" srcset=\"https:\/\/celiaibanez.fr\/wp-content\/uploads\/2026\/05\/1000040565-823x1024.jpg 823w, https:\/\/celiaibanez.fr\/wp-content\/uploads\/2026\/05\/1000040565-241x300.jpg 241w, https:\/\/celiaibanez.fr\/wp-content\/uploads\/2026\/05\/1000040565-768x955.jpg 768w, https:\/\/celiaibanez.fr\/wp-content\/uploads\/2026\/05\/1000040565.jpg 1079w\" sizes=\"auto, (max-width: 823px) 100vw, 823px\" \/><\/figure>\n\n\n\n<p class=\"has-medium-font-size\"><a href=\"https:\/\/celiaibanez.fr\/index.php\/le-programme-de-la-southconv\/\">Le programme de la SouthConV<\/a><\/p>\n\n\n\n<p class=\"has-medium-font-size\"><a href=\"https:\/\/celiaibanez.fr\/index.php\/les-invites-speciaux-de-la-southconv\/\">Les intervenants<\/a><\/p>\n\n\n\n<p class=\"has-medium-font-size\"><a href=\"https:\/\/celiaibanez.fr\/index.php\/les-partenaires-de-la-southconv\/\">Nos partenaires<\/a><\/p>\n\n\n\n<p class=\"has-medium-font-size\"><a href=\"https:\/\/celiaibanez.fr\/index.php\/les-sujets-2026-des-concours-southconv-des-colleges\/\">Les sujets des concours pour les coll\u00e9giens<\/a><\/p>\n\n\n\n<p class=\"has-medium-font-size\"><strong>La liste des nomin\u00e9s pour les prix arrive bient\u00f4t !<\/strong><\/p>\n\n\n\n<figure class=\"wp-block-embed is-type-wp-embed is-provider-c-lia-ibanez wp-block-embed-c-lia-ibanez\"><div class=\"wp-block-embed__wrapper\">\n<blockquote class=\"wp-embedded-content\" data-secret=\"sGmCSqV12c\"><a href=\"https:\/\/celiaibanez.fr\/index.php\/convergence-sf-et-la-southconv-sont-sur-les-reseaux-sociaux\/\">ConVergence SF et la SouthconV sont sur les r\u00e9seaux sociaux<\/a><\/blockquote><iframe loading=\"lazy\" class=\"wp-embedded-content\" sandbox=\"allow-scripts\" security=\"restricted\" style=\"position: absolute; visibility: hidden;\" title=\"\u00ab\u00a0ConVergence SF et la SouthconV sont sur les r\u00e9seaux sociaux\u00a0\u00bb &#8212; C\u00e9lia Ibanez\" src=\"https:\/\/celiaibanez.fr\/index.php\/convergence-sf-et-la-southconv-sont-sur-les-reseaux-sociaux\/embed\/#?secret=vsxnddUKfj#?secret=sGmCSqV12c\" data-secret=\"sGmCSqV12c\" width=\"474\" height=\"267\" frameborder=\"0\" marginwidth=\"0\" marginheight=\"0\" scrolling=\"no\"><\/iframe>\n<\/div><\/figure>\n","protected":false},"excerpt":{"rendered":"<p>Les parutions seront affich\u00e9es ici au fur et \u00e0 mesure&#8230; Restez connect\u00e9s ! Le programme de la SouthConV Les intervenants Nos partenaires Les sujets des concours pour les coll\u00e9giens La liste des nomin\u00e9s pour les prix arrive bient\u00f4t !<\/p>\n","protected":false},"author":5,"featured_media":0,"parent":0,"menu_order":0,"comment_status":"closed","ping_status":"closed","template":"","meta":{"footnotes":""},"class_list":["post-2447","page","type-page","status-publish","hentry"],"_links":{"self":[{"href":"https:\/\/celiaibanez.fr\/index.php\/wp-json\/wp\/v2\/pages\/2447","targetHints":{"allow":["GET"]}}],"collection":[{"href":"https:\/\/celiaibanez.fr\/index.php\/wp-json\/wp\/v2\/pages"}],"about":[{"href":"https:\/\/celiaibanez.fr\/index.php\/wp-json\/wp\/v2\/types\/page"}],"author":[{"embeddable":true,"href":"https:\/\/celiaibanez.fr\/index.php\/wp-json\/wp\/v2\/users\/5"}],"replies":[{"embeddable":true,"href":"https:\/\/celiaibanez.fr\/index.php\/wp-json\/wp\/v2\/comments?post=2447"}],"version-history":[{"count":6,"href":"https:\/\/celiaibanez.fr\/index.php\/wp-json\/wp\/v2\/pages\/2447\/revisions"}],"predecessor-version":[{"id":2493,"href":"https:\/\/celiaibanez.fr\/index.php\/wp-json\/wp\/v2\/pages\/2447\/revisions\/2493"}],"wp:attachment":[{"href":"https:\/\/celiaibanez.fr\/index.php\/wp-json\/wp\/v2\/media?parent=2447"}],"curies":[{"name":"wp","href":"https:\/\/api.w.org\/{rel}","templated":true}]}}