{"id":2506,"date":"2026-05-11T17:33:36","date_gmt":"2026-05-11T15:33:36","guid":{"rendered":"https:\/\/celiaibanez.fr\/?page_id=2506"},"modified":"2026-05-13T18:07:39","modified_gmt":"2026-05-13T16:07:39","slug":"les-animateurs-moderateurs","status":"publish","type":"page","link":"https:\/\/celiaibanez.fr\/index.php\/les-animateurs-moderateurs\/","title":{"rendered":"LES ANIMATEURS\/MOD\u00c9RATEURS"},"content":{"rendered":"\n<p class=\"has-medium-font-size\">Les tables rondes seront anim\u00e9es par Jean-Charles Favat et Pascale Battistelli. L&rsquo;interview de Philippe Guillemant sera r\u00e9alis\u00e9 par Philippe Festou. Restez connect\u00e9s !<\/p>\n\n\n\n<p class=\"has-medium-font-size\"><strong>Pascale Battistelli:<\/strong> Autrice, formatrice et coach certifi\u00e9e, elle a fond\u00e9 la soci\u00e9t\u00e9 3AABP, sp\u00e9cialis\u00e9e en accompagnement litt\u00e9raire, orientation professionnelle, bilan de vie , transition de carri\u00e8re et formation professionnelle. Elle anime avec bienveillance et cr\u00e9ativit\u00e9 des caf\u00e9s litt\u00e9raires et des lives sur les r\u00e9seaux sociaux. <\/p>\n\n\n<div class=\"wp-block-image\">\n<figure class=\"aligncenter size-large\"><img loading=\"lazy\" decoding=\"async\" width=\"1024\" height=\"1024\" src=\"https:\/\/celiaibanez.fr\/wp-content\/uploads\/2026\/05\/Design-sans-titre72-1024x1024.jpg\" alt=\"\" class=\"wp-image-2509\" srcset=\"https:\/\/celiaibanez.fr\/wp-content\/uploads\/2026\/05\/Design-sans-titre72-1024x1024.jpg 1024w, https:\/\/celiaibanez.fr\/wp-content\/uploads\/2026\/05\/Design-sans-titre72-300x300.jpg 300w, https:\/\/celiaibanez.fr\/wp-content\/uploads\/2026\/05\/Design-sans-titre72-150x150.jpg 150w, https:\/\/celiaibanez.fr\/wp-content\/uploads\/2026\/05\/Design-sans-titre72-768x768.jpg 768w, https:\/\/celiaibanez.fr\/wp-content\/uploads\/2026\/05\/Design-sans-titre72-1536x1536.jpg 1536w, https:\/\/celiaibanez.fr\/wp-content\/uploads\/2026\/05\/Design-sans-titre72-2048x2048.jpg 2048w\" sizes=\"auto, (max-width: 1024px) 100vw, 1024px\" \/><\/figure>\n<\/div>\n\n\n<p><\/p>\n\n\n\n<p class=\"has-medium-font-size\"><strong>Jean-Charles Favat: <\/strong>Responsable informatique dans un grand groupe de management de projets industriels autour du nucl\u00e9aire, de formation scientifique, ce fin connaisseur des mondes imaginaires est un collectionneur et cin\u00e9phile SF inv\u00e9t\u00e9r\u00e9. Geek assum\u00e9, il est r\u00e9put\u00e9 pour son expertise des univers de Star Wars et Warhammer 40k.<\/p>\n\n\n<div class=\"wp-block-image\">\n<figure class=\"aligncenter size-large\"><img loading=\"lazy\" decoding=\"async\" width=\"1024\" height=\"1024\" src=\"https:\/\/celiaibanez.fr\/wp-content\/uploads\/2026\/05\/lDpE_0rJ-1024x1024.jpg\" alt=\"\" class=\"wp-image-2522\" srcset=\"https:\/\/celiaibanez.fr\/wp-content\/uploads\/2026\/05\/lDpE_0rJ-1024x1024.jpg 1024w, https:\/\/celiaibanez.fr\/wp-content\/uploads\/2026\/05\/lDpE_0rJ-300x300.jpg 300w, https:\/\/celiaibanez.fr\/wp-content\/uploads\/2026\/05\/lDpE_0rJ-150x150.jpg 150w, https:\/\/celiaibanez.fr\/wp-content\/uploads\/2026\/05\/lDpE_0rJ-768x768.jpg 768w, https:\/\/celiaibanez.fr\/wp-content\/uploads\/2026\/05\/lDpE_0rJ.jpg 1254w\" sizes=\"auto, (max-width: 1024px) 100vw, 1024px\" \/><\/figure>\n<\/div>\n\n\n<p><\/p>\n\n\n\n<p class=\"has-medium-font-size\"><strong>Philippe Festou:  <\/strong>Directeur artistique du festival Vagues Sonores, doctorant en sciences de l&rsquo;information et de la communication, premier prix de composition au conservatoire de Marseille, il est connu mondialement. Sa sensibilit\u00e9 rare et ses recherches en cr\u00e9ation sonore font \u00e9cho aux travaux de Philippe Guillemant sur le temps, la conscience et les lignes du futur. <\/p>\n\n\n<div class=\"wp-block-image\">\n<figure class=\"aligncenter size-large\"><img loading=\"lazy\" decoding=\"async\" width=\"1024\" height=\"1024\" src=\"https:\/\/celiaibanez.fr\/wp-content\/uploads\/2026\/05\/ssaVJwuy-1024x1024.jpg\" alt=\"\" class=\"wp-image-2537\" srcset=\"https:\/\/celiaibanez.fr\/wp-content\/uploads\/2026\/05\/ssaVJwuy-1024x1024.jpg 1024w, https:\/\/celiaibanez.fr\/wp-content\/uploads\/2026\/05\/ssaVJwuy-300x300.jpg 300w, https:\/\/celiaibanez.fr\/wp-content\/uploads\/2026\/05\/ssaVJwuy-150x150.jpg 150w, https:\/\/celiaibanez.fr\/wp-content\/uploads\/2026\/05\/ssaVJwuy-768x768.jpg 768w, https:\/\/celiaibanez.fr\/wp-content\/uploads\/2026\/05\/ssaVJwuy.jpg 1254w\" sizes=\"auto, (max-width: 1024px) 100vw, 1024px\" \/><\/figure>\n<\/div>\n\n\n<p class=\"has-medium-font-size\"><a href=\"https:\/\/www.helloasso.com\/associations\/convergence-sf\/adhesions\/adhesion-2026-conventions-sfff-du-grand-sud\">S&rsquo;incrire \u00e0 la SouthconV<\/a><\/p>\n\n\n\n<p class=\"has-medium-font-size\"><a href=\"https:\/\/celiaibanez.fr\/index.php\/le-programme-de-la-southconv\/\">Le programme de la SouthConV<\/a><\/p>\n\n\n\n<p class=\"has-medium-font-size\"><a href=\"https:\/\/celiaibanez.fr\/index.php\/les-invites-speciaux-de-la-southconv\/\">Les intervenants<\/a><\/p>\n\n\n\n<p class=\"has-medium-font-size\"><a href=\"https:\/\/celiaibanez.fr\/index.php\/les-partenaires-de-la-southconv\/\">Nos partenaires<\/a><\/p>\n\n\n\n<p class=\"has-medium-font-size\"><a href=\"https:\/\/celiaibanez.fr\/index.php\/les-sujets-2026-des-concours-southconv-des-colleges\/\">Les sujets des concours SouthconV des coll\u00e9giens<\/a><\/p>\n\n\n\n<figure class=\"wp-block-embed is-type-wp-embed is-provider-c-lia-ibanez wp-block-embed-c-lia-ibanez\"><div class=\"wp-block-embed__wrapper\">\n<blockquote class=\"wp-embedded-content\" data-secret=\"aMjuFJSaxc\"><a href=\"https:\/\/celiaibanez.fr\/index.php\/convergence-sf-et-la-southconv-sont-sur-les-reseaux-sociaux\/\">ConVergence SF et la SouthconV sont sur les r\u00e9seaux sociaux<\/a><\/blockquote><iframe loading=\"lazy\" class=\"wp-embedded-content\" sandbox=\"allow-scripts\" security=\"restricted\" style=\"position: absolute; visibility: hidden;\" title=\"\u00ab\u00a0ConVergence SF et la SouthconV sont sur les r\u00e9seaux sociaux\u00a0\u00bb &#8212; C\u00e9lia Ibanez\" src=\"https:\/\/celiaibanez.fr\/index.php\/convergence-sf-et-la-southconv-sont-sur-les-reseaux-sociaux\/embed\/#?secret=RGUW1JpODc#?secret=aMjuFJSaxc\" data-secret=\"aMjuFJSaxc\" width=\"474\" height=\"267\" frameborder=\"0\" marginwidth=\"0\" marginheight=\"0\" scrolling=\"no\"><\/iframe>\n<\/div><\/figure>\n","protected":false},"excerpt":{"rendered":"<p>Les tables rondes seront anim\u00e9es par Jean-Charles Favat et Pascale Battistelli. L&rsquo;interview de Philippe Guillemant sera r\u00e9alis\u00e9 par Philippe Festou. Restez connect\u00e9s ! Pascale Battistelli: Autrice, formatrice et coach certifi\u00e9e, elle a fond\u00e9 la soci\u00e9t\u00e9 3AABP, sp\u00e9cialis\u00e9e en accompagnement litt\u00e9raire, orientation professionnelle, bilan de vie , transition de carri\u00e8re et formation professionnelle. Elle anime avec &hellip; <a href=\"https:\/\/celiaibanez.fr\/index.php\/les-animateurs-moderateurs\/\" class=\"more-link\">Continuer la lecture de <span class=\"screen-reader-text\">LES ANIMATEURS\/MOD\u00c9RATEURS<\/span>  <span class=\"meta-nav\">&rarr;<\/span><\/a><\/p>\n","protected":false},"author":5,"featured_media":0,"parent":0,"menu_order":0,"comment_status":"closed","ping_status":"closed","template":"","meta":{"footnotes":""},"class_list":["post-2506","page","type-page","status-publish","hentry"],"_links":{"self":[{"href":"https:\/\/celiaibanez.fr\/index.php\/wp-json\/wp\/v2\/pages\/2506","targetHints":{"allow":["GET"]}}],"collection":[{"href":"https:\/\/celiaibanez.fr\/index.php\/wp-json\/wp\/v2\/pages"}],"about":[{"href":"https:\/\/celiaibanez.fr\/index.php\/wp-json\/wp\/v2\/types\/page"}],"author":[{"embeddable":true,"href":"https:\/\/celiaibanez.fr\/index.php\/wp-json\/wp\/v2\/users\/5"}],"replies":[{"embeddable":true,"href":"https:\/\/celiaibanez.fr\/index.php\/wp-json\/wp\/v2\/comments?post=2506"}],"version-history":[{"count":13,"href":"https:\/\/celiaibanez.fr\/index.php\/wp-json\/wp\/v2\/pages\/2506\/revisions"}],"predecessor-version":[{"id":2540,"href":"https:\/\/celiaibanez.fr\/index.php\/wp-json\/wp\/v2\/pages\/2506\/revisions\/2540"}],"wp:attachment":[{"href":"https:\/\/celiaibanez.fr\/index.php\/wp-json\/wp\/v2\/media?parent=2506"}],"curies":[{"name":"wp","href":"https:\/\/api.w.org\/{rel}","templated":true}]}}