{"id":825,"date":"2023-04-26T19:40:46","date_gmt":"2023-04-26T17:40:46","guid":{"rendered":"http:\/\/celiaibanez.fr\/?page_id=825"},"modified":"2025-12-13T17:16:50","modified_gmt":"2025-12-13T16:16:50","slug":"lives-shot","status":"publish","type":"page","link":"https:\/\/celiaibanez.fr\/index.php\/lives-shot\/","title":{"rendered":"LIVES"},"content":{"rendered":"\n<h2 class=\"wp-block-heading\">LES LIVES ME PERMETTENT DE COMMUNIQUER EN TEMPS R\u00c9EL AVEC MA COMMUNAUT\u00c9 SUR DES SUJETS PASSIONNANTS ! VIENS ME REJOINDRE POUR APPRENDRE, T\u00c9MOIGNER DE TES EXP\u00c9RIENCES PERSONNELLES ET DONNER TON AVIS SUR CES QUESTIONS !  <\/h2>\n\n\n\n<p><\/p>\n\n\n\n<p><img loading=\"lazy\" decoding=\"async\" width=\"16\" height=\"16\" src=\"https:\/\/static.xx.fbcdn.net\/images\/emoji.php\/v9\/t51\/1\/16\/1f449.png\" alt=\"\ud83d\udc49\">Retrouve toutes les rediffusions et plein d&rsquo;autre vid\u00e9os sur <a href=\"https:\/\/www.youtube.com\/@ibanezcelia3043\/videos\">ma cha\u00eene Youtube <\/a>!<\/p>\n\n\n\n<figure class=\"wp-block-embed is-type-video is-provider-youtube wp-block-embed-youtube wp-embed-aspect-16-9 wp-has-aspect-ratio\"><div class=\"wp-block-embed__wrapper\">\n<iframe loading=\"lazy\" title=\"Le fran\u00e7ais: bient\u00f4t langue morte ?\" width=\"474\" height=\"267\" src=\"https:\/\/www.youtube.com\/embed\/RPpOZ4GCOOE?feature=oembed\" frameborder=\"0\" allow=\"accelerometer; autoplay; clipboard-write; encrypted-media; gyroscope; picture-in-picture; web-share\" referrerpolicy=\"strict-origin-when-cross-origin\" allowfullscreen><\/iframe>\n<\/div><\/figure>\n\n\n\n<figure class=\"wp-block-embed is-type-video is-provider-youtube wp-block-embed-youtube wp-embed-aspect-16-9 wp-has-aspect-ratio\"><div class=\"wp-block-embed__wrapper\">\n<iframe loading=\"lazy\" title=\"Chamanisme: une autre voie vers la gu\u00e9rison ?\" width=\"474\" height=\"267\" src=\"https:\/\/www.youtube.com\/embed\/Nrr8kJQBwDo?feature=oembed\" frameborder=\"0\" allow=\"accelerometer; autoplay; clipboard-write; encrypted-media; gyroscope; picture-in-picture; web-share\" referrerpolicy=\"strict-origin-when-cross-origin\" allowfullscreen><\/iframe>\n<\/div><\/figure>\n\n\n\n<figure class=\"wp-block-embed is-type-video is-provider-youtube wp-block-embed-youtube wp-embed-aspect-16-9 wp-has-aspect-ratio\"><div class=\"wp-block-embed__wrapper\">\n<iframe loading=\"lazy\" title=\"\u2b50\ud83e\ude90\ud83c\udf0fAstrologie: maximiser ses potentiels \u2b50\ud83c\udf0f\ud83e\ude90\" width=\"474\" height=\"267\" src=\"https:\/\/www.youtube.com\/embed\/YzqP-DPkj44?feature=oembed\" frameborder=\"0\" allow=\"accelerometer; autoplay; clipboard-write; encrypted-media; gyroscope; picture-in-picture; web-share\" referrerpolicy=\"strict-origin-when-cross-origin\" allowfullscreen><\/iframe>\n<\/div><\/figure>\n\n\n\n<figure class=\"wp-block-embed is-type-video is-provider-youtube wp-block-embed-youtube wp-embed-aspect-16-9 wp-has-aspect-ratio\"><div class=\"wp-block-embed__wrapper\">\n<iframe loading=\"lazy\" title=\"LA BD, C&#039;EST PAS DE LA LECTURE ?!\" width=\"474\" height=\"267\" src=\"https:\/\/www.youtube.com\/embed\/3Nkjr3YuQVA?feature=oembed\" frameborder=\"0\" allow=\"accelerometer; autoplay; clipboard-write; encrypted-media; gyroscope; picture-in-picture; web-share\" referrerpolicy=\"strict-origin-when-cross-origin\" allowfullscreen><\/iframe>\n<\/div><\/figure>\n\n\n\n<figure class=\"wp-block-embed is-type-video is-provider-youtube wp-block-embed-youtube wp-embed-aspect-16-9 wp-has-aspect-ratio\"><div class=\"wp-block-embed__wrapper\">\n<iframe loading=\"lazy\" title=\"Qui sont les passeurs d&#039;\u00e2mes ?\" width=\"474\" height=\"267\" src=\"https:\/\/www.youtube.com\/embed\/-qaVxoWSqNE?feature=oembed\" frameborder=\"0\" allow=\"accelerometer; autoplay; clipboard-write; encrypted-media; gyroscope; picture-in-picture; web-share\" referrerpolicy=\"strict-origin-when-cross-origin\" allowfullscreen><\/iframe>\n<\/div><\/figure>\n\n\n\n<figure class=\"wp-block-embed is-type-video is-provider-youtube wp-block-embed-youtube wp-embed-aspect-16-9 wp-has-aspect-ratio\"><div class=\"wp-block-embed__wrapper\">\n<iframe loading=\"lazy\" title=\"Channeling   l&#039;auteur de SF per\u00e7oit r\u00e9ellement les futurs ?\" width=\"474\" height=\"267\" src=\"https:\/\/www.youtube.com\/embed\/8m6lSVzXUZk?feature=oembed\" frameborder=\"0\" allow=\"accelerometer; autoplay; clipboard-write; encrypted-media; gyroscope; picture-in-picture; web-share\" referrerpolicy=\"strict-origin-when-cross-origin\" allowfullscreen><\/iframe>\n<\/div><\/figure>\n\n\n\n<figure class=\"wp-block-embed is-type-video is-provider-youtube wp-block-embed-youtube wp-embed-aspect-16-9 wp-has-aspect-ratio\"><div class=\"wp-block-embed__wrapper\">\n<iframe loading=\"lazy\" title=\"Coaching: arnaque ou v\u00e9ritable levier de performance ?\" width=\"474\" height=\"267\" src=\"https:\/\/www.youtube.com\/embed\/cgVGetJHpDo?start=207&#038;feature=oembed\" frameborder=\"0\" allow=\"accelerometer; autoplay; clipboard-write; encrypted-media; gyroscope; picture-in-picture; web-share\" referrerpolicy=\"strict-origin-when-cross-origin\" allowfullscreen><\/iframe>\n<\/div><\/figure>\n\n\n\n<figure class=\"wp-block-embed is-type-video is-provider-youtube wp-block-embed-youtube wp-embed-aspect-16-9 wp-has-aspect-ratio\"><div class=\"wp-block-embed__wrapper\">\n<iframe loading=\"lazy\" title=\"Reconversion: vous en r\u00eavez, ils l&#039;ont fait !\" width=\"474\" height=\"267\" src=\"https:\/\/www.youtube.com\/embed\/61cREtrEU88?feature=oembed\" frameborder=\"0\" allow=\"accelerometer; autoplay; clipboard-write; encrypted-media; gyroscope; picture-in-picture; web-share\" referrerpolicy=\"strict-origin-when-cross-origin\" allowfullscreen><\/iframe>\n<\/div><\/figure>\n\n\n\n<figure class=\"wp-block-embed is-type-video is-provider-youtube wp-block-embed-youtube wp-embed-aspect-16-9 wp-has-aspect-ratio\"><div class=\"wp-block-embed__wrapper\">\n<iframe loading=\"lazy\" title=\"Les librairies vont-elles disparaitre ?\" width=\"474\" height=\"267\" src=\"https:\/\/www.youtube.com\/embed\/TFLUNlsKvHs?feature=oembed\" frameborder=\"0\" allow=\"accelerometer; autoplay; clipboard-write; encrypted-media; gyroscope; picture-in-picture; web-share\" referrerpolicy=\"strict-origin-when-cross-origin\" allowfullscreen><\/iframe>\n<\/div><\/figure>\n\n\n\n<figure class=\"wp-block-embed is-type-video is-provider-youtube wp-block-embed-youtube wp-embed-aspect-16-9 wp-has-aspect-ratio\"><div class=\"wp-block-embed__wrapper\">\n<iframe loading=\"lazy\" title=\"Comment cr\u00e9er une communaut\u00e9 engag\u00e9e et la garder ?\" width=\"474\" height=\"267\" src=\"https:\/\/www.youtube.com\/embed\/BYRJSCUa7TQ?feature=oembed\" frameborder=\"0\" allow=\"accelerometer; autoplay; clipboard-write; encrypted-media; gyroscope; picture-in-picture; web-share\" referrerpolicy=\"strict-origin-when-cross-origin\" allowfullscreen><\/iframe>\n<\/div><\/figure>\n\n\n\n<figure class=\"wp-block-embed is-type-video is-provider-youtube wp-block-embed-youtube wp-embed-aspect-16-9 wp-has-aspect-ratio\"><div class=\"wp-block-embed__wrapper\">\n<iframe loading=\"lazy\" title=\"Ugly feed VS Fake beauty\" width=\"474\" height=\"267\" src=\"https:\/\/www.youtube.com\/embed\/YM3HrCnIEbY?feature=oembed\" frameborder=\"0\" allow=\"accelerometer; autoplay; clipboard-write; encrypted-media; gyroscope; picture-in-picture; web-share\" referrerpolicy=\"strict-origin-when-cross-origin\" allowfullscreen><\/iframe>\n<\/div><\/figure>\n\n\n\n<figure class=\"wp-block-embed is-type-video is-provider-youtube wp-block-embed-youtube wp-embed-aspect-16-9 wp-has-aspect-ratio\"><div class=\"wp-block-embed__wrapper\">\n<iframe loading=\"lazy\" title=\"Les monstres sont-ils parmi nous ?\" width=\"474\" height=\"267\" src=\"https:\/\/www.youtube.com\/embed\/UAElvTv93TA?feature=oembed\" frameborder=\"0\" allow=\"accelerometer; autoplay; clipboard-write; encrypted-media; gyroscope; picture-in-picture; web-share\" referrerpolicy=\"strict-origin-when-cross-origin\" allowfullscreen><\/iframe>\n<\/div><\/figure>\n\n\n\n<figure class=\"wp-block-embed is-type-video is-provider-youtube wp-block-embed-youtube wp-embed-aspect-16-9 wp-has-aspect-ratio\"><div class=\"wp-block-embed__wrapper\">\n<iframe loading=\"lazy\" title=\"Live de superwomen\" width=\"474\" height=\"267\" src=\"https:\/\/www.youtube.com\/embed\/X4qc6uOHksw?feature=oembed\" frameborder=\"0\" allow=\"accelerometer; autoplay; clipboard-write; encrypted-media; gyroscope; picture-in-picture; web-share\" referrerpolicy=\"strict-origin-when-cross-origin\" allowfullscreen><\/iframe>\n<\/div><\/figure>\n\n\n\n<figure class=\"wp-block-embed is-type-video is-provider-youtube wp-block-embed-youtube wp-embed-aspect-16-9 wp-has-aspect-ratio\"><div class=\"wp-block-embed__wrapper\">\n<iframe loading=\"lazy\" title=\"LIVE #6 - &quot;Entre l&#039;encre et les mots&quot; - C\u00e9lia Iba\u00f1ez pour &quot;H+ : Transmutation&quot; - Green Lights\" width=\"474\" height=\"267\" src=\"https:\/\/www.youtube.com\/embed\/iXF2sI4bxAc?feature=oembed\" frameborder=\"0\" allow=\"accelerometer; autoplay; clipboard-write; encrypted-media; gyroscope; picture-in-picture; web-share\" referrerpolicy=\"strict-origin-when-cross-origin\" allowfullscreen><\/iframe>\n<\/div><\/figure>\n\n\n\n<figure class=\"wp-block-embed is-type-video is-provider-youtube wp-block-embed-youtube wp-embed-aspect-16-9 wp-has-aspect-ratio\"><div class=\"wp-block-embed__wrapper\">\n<iframe loading=\"lazy\" title=\"LIVE SHOT N\u00b07: LA M\u00c9MOIRE DE L&#039;EAU\" width=\"474\" height=\"267\" src=\"https:\/\/www.youtube.com\/embed\/bFH111M9Z-I?feature=oembed\" frameborder=\"0\" allow=\"accelerometer; autoplay; clipboard-write; encrypted-media; gyroscope; picture-in-picture; web-share\" referrerpolicy=\"strict-origin-when-cross-origin\" allowfullscreen><\/iframe>\n<\/div><\/figure>\n\n\n\n<figure class=\"wp-block-embed is-type-video is-provider-youtube wp-block-embed-youtube wp-embed-aspect-16-9 wp-has-aspect-ratio\"><div class=\"wp-block-embed__wrapper\">\n<iframe loading=\"lazy\" title=\"LIVE SHOT N\u00b06: LES  CROP CIRCLES\" width=\"474\" height=\"267\" src=\"https:\/\/www.youtube.com\/embed\/7PyIQqLyCEQ?feature=oembed\" frameborder=\"0\" allow=\"accelerometer; autoplay; clipboard-write; encrypted-media; gyroscope; picture-in-picture; web-share\" referrerpolicy=\"strict-origin-when-cross-origin\" allowfullscreen><\/iframe>\n<\/div><\/figure>\n\n\n\n<figure class=\"wp-block-embed is-type-video is-provider-youtube wp-block-embed-youtube wp-embed-aspect-16-9 wp-has-aspect-ratio\"><div class=\"wp-block-embed__wrapper\">\n<iframe loading=\"lazy\" title=\"LIVE SHOT N\u00b05: PERSONNALIT\u00c9S MYST\u00c9RIEUSES\" width=\"474\" height=\"267\" src=\"https:\/\/www.youtube.com\/embed\/WHWk8Mf-I2c?feature=oembed\" frameborder=\"0\" allow=\"accelerometer; autoplay; clipboard-write; encrypted-media; gyroscope; picture-in-picture; web-share\" referrerpolicy=\"strict-origin-when-cross-origin\" allowfullscreen><\/iframe>\n<\/div><\/figure>\n\n\n\n<figure class=\"wp-block-embed is-type-video is-provider-youtube wp-block-embed-youtube wp-embed-aspect-16-9 wp-has-aspect-ratio\"><div class=\"wp-block-embed__wrapper\">\n<iframe loading=\"lazy\" title=\"LIVE SHOT N\u00b04: DESTINATIONS DE L\u2019\u00c9TRANGE\" width=\"474\" height=\"267\" src=\"https:\/\/www.youtube.com\/embed\/Aw6CV27Pul0?feature=oembed\" frameborder=\"0\" allow=\"accelerometer; autoplay; clipboard-write; encrypted-media; gyroscope; picture-in-picture; web-share\" referrerpolicy=\"strict-origin-when-cross-origin\" allowfullscreen><\/iframe>\n<\/div><\/figure>\n\n\n\n<figure class=\"wp-block-embed is-type-video is-provider-youtube wp-block-embed-youtube wp-embed-aspect-16-9 wp-has-aspect-ratio\"><div class=\"wp-block-embed__wrapper\">\n<iframe loading=\"lazy\" title=\"LIVE SHOT N\u00b03: VIES ANTERIEURES\" width=\"474\" height=\"267\" src=\"https:\/\/www.youtube.com\/embed\/K3IN4pUU9YY?feature=oembed\" frameborder=\"0\" allow=\"accelerometer; autoplay; clipboard-write; encrypted-media; gyroscope; picture-in-picture; web-share\" referrerpolicy=\"strict-origin-when-cross-origin\" allowfullscreen><\/iframe>\n<\/div><\/figure>\n\n\n\n<figure class=\"wp-block-embed is-type-video is-provider-youtube wp-block-embed-youtube wp-embed-aspect-16-9 wp-has-aspect-ratio\"><div class=\"wp-block-embed__wrapper\">\n<iframe loading=\"lazy\" title=\"LIVE SHOT N\u00b02 : OVNIS ET ABDUCTIONS\" width=\"474\" height=\"267\" src=\"https:\/\/www.youtube.com\/embed\/7wLqK9ZF8qo?feature=oembed\" frameborder=\"0\" allow=\"accelerometer; autoplay; clipboard-write; encrypted-media; gyroscope; picture-in-picture; web-share\" referrerpolicy=\"strict-origin-when-cross-origin\" allowfullscreen><\/iframe>\n<\/div><\/figure>\n\n\n\n<figure class=\"wp-block-embed is-type-video is-provider-youtube wp-block-embed-youtube wp-embed-aspect-16-9 wp-has-aspect-ratio\"><div class=\"wp-block-embed__wrapper\">\n<iframe loading=\"lazy\" title=\"LIVE SHOT N\u00b01 : ANGES ET ARCHANGES\" width=\"474\" height=\"267\" src=\"https:\/\/www.youtube.com\/embed\/rDm0Mk5Znlo?feature=oembed\" frameborder=\"0\" allow=\"accelerometer; autoplay; clipboard-write; encrypted-media; gyroscope; picture-in-picture; web-share\" referrerpolicy=\"strict-origin-when-cross-origin\" allowfullscreen><\/iframe>\n<\/div><\/figure>\n\n\n\n<p><\/p>\n","protected":false},"excerpt":{"rendered":"<p>LES LIVES ME PERMETTENT DE COMMUNIQUER EN TEMPS R\u00c9EL AVEC MA COMMUNAUT\u00c9 SUR DES SUJETS PASSIONNANTS ! VIENS ME REJOINDRE POUR APPRENDRE, T\u00c9MOIGNER DE TES EXP\u00c9RIENCES PERSONNELLES ET DONNER TON AVIS SUR CES QUESTIONS ! Retrouve toutes les rediffusions et plein d&rsquo;autre vid\u00e9os sur ma cha\u00eene Youtube !<\/p>\n","protected":false},"author":3,"featured_media":1753,"parent":0,"menu_order":0,"comment_status":"closed","ping_status":"closed","template":"","meta":{"footnotes":""},"class_list":["post-825","page","type-page","status-publish","has-post-thumbnail","hentry"],"_links":{"self":[{"href":"https:\/\/celiaibanez.fr\/index.php\/wp-json\/wp\/v2\/pages\/825","targetHints":{"allow":["GET"]}}],"collection":[{"href":"https:\/\/celiaibanez.fr\/index.php\/wp-json\/wp\/v2\/pages"}],"about":[{"href":"https:\/\/celiaibanez.fr\/index.php\/wp-json\/wp\/v2\/types\/page"}],"author":[{"embeddable":true,"href":"https:\/\/celiaibanez.fr\/index.php\/wp-json\/wp\/v2\/users\/3"}],"replies":[{"embeddable":true,"href":"https:\/\/celiaibanez.fr\/index.php\/wp-json\/wp\/v2\/comments?post=825"}],"version-history":[{"count":29,"href":"https:\/\/celiaibanez.fr\/index.php\/wp-json\/wp\/v2\/pages\/825\/revisions"}],"predecessor-version":[{"id":1974,"href":"https:\/\/celiaibanez.fr\/index.php\/wp-json\/wp\/v2\/pages\/825\/revisions\/1974"}],"wp:featuredmedia":[{"embeddable":true,"href":"https:\/\/celiaibanez.fr\/index.php\/wp-json\/wp\/v2\/media\/1753"}],"wp:attachment":[{"href":"https:\/\/celiaibanez.fr\/index.php\/wp-json\/wp\/v2\/media?parent=825"}],"curies":[{"name":"wp","href":"https:\/\/api.w.org\/{rel}","templated":true}]}}