{"id":936,"date":"2023-05-30T14:37:48","date_gmt":"2023-05-30T12:37:48","guid":{"rendered":"http:\/\/celiaibanez.fr\/?page_id=936"},"modified":"2025-12-21T15:10:39","modified_gmt":"2025-12-21T14:10:39","slug":"les-sources-de-shamballah","status":"publish","type":"page","link":"https:\/\/celiaibanez.fr\/index.php\/les-sources-de-shamballah\/","title":{"rendered":"LES SOURCES DE SHAMBALLAH"},"content":{"rendered":"\n<h2 class=\"wp-block-heading\"><strong>UN MAGNIFIQUE OUVRAGE ENTRE X FILES ET INDIANA JONES. COMPL\u00c9MENT INDISPENSABLES AUX \u00ab\u00a0PORTES DE SHAMBALLAH\u00a0\u00bb, CET ALBUM EST UN DOSSIER DOCUMENTAIRE ILLUSTR\u00c9 QUI D\u00c9TAILLE LES SOURCES D&rsquo;INSPIRATION HISTORIQUES, LITT\u00c9RAIRES OU \u00c9SOT\u00c9RIQUES DE LA SAGA.  LA GOLDEN DOWN, l\u2019O.T.O. OU LE DRAGON VERT ONT-ILS EXIST\u00c9 ? QUI \u00c9TAIENT MATHERS, CROWLEY OU TREBITSCH LINCOLN ? QU&rsquo;EST CE QUE SHAMBALLAH, LE DOGUS, OU L&rsquo;ING\u00c9NIERIE SOCIALE ? <\/strong><\/h2>\n\n\n\n<figure class=\"wp-block-embed is-type-video is-provider-youtube wp-block-embed-youtube wp-embed-aspect-16-9 wp-has-aspect-ratio\"><div class=\"wp-block-embed__wrapper\">\n<iframe loading=\"lazy\" title=\"Les Sources de Shamballah\" width=\"474\" height=\"267\" src=\"https:\/\/www.youtube.com\/embed\/tAOZy59-Qx4?start=9&#038;feature=oembed\" frameborder=\"0\" allow=\"accelerometer; autoplay; clipboard-write; encrypted-media; gyroscope; picture-in-picture; web-share\" referrerpolicy=\"strict-origin-when-cross-origin\" allowfullscreen><\/iframe>\n<\/div><\/figure>\n\n\n\n<p><em>Les Portes de Shamballah<\/em> est une s\u00e9rie d\u2019aventures \u00ab&nbsp;\u00e9sot\u00e9riques&nbsp;\u00bb, m\u00ealant espionnage et fantastique dans l\u2019univers des soci\u00e9t\u00e9s secr\u00e8tes du d\u00e9but du XX\u00e8me si\u00e8cle, entre la Chine et New York, en passant par Londres et le Sikkim. Pour la forme, elle se veut une sorte de roman-feuilleton populaire.<\/p>\n\n\n\n<figure class=\"wp-block-image size-large\"><img loading=\"lazy\" decoding=\"async\" width=\"724\" height=\"1024\" src=\"https:\/\/celiaibanez.fr\/wp-content\/uploads\/2023\/05\/Les-sources-de-shamballah-1-724x1024.jpg\" alt=\"\" class=\"wp-image-903\" srcset=\"https:\/\/celiaibanez.fr\/wp-content\/uploads\/2023\/05\/Les-sources-de-shamballah-1-724x1024.jpg 724w, https:\/\/celiaibanez.fr\/wp-content\/uploads\/2023\/05\/Les-sources-de-shamballah-1-300x424.jpg 300w, https:\/\/celiaibanez.fr\/wp-content\/uploads\/2023\/05\/Les-sources-de-shamballah-1-212x300.jpg 212w, https:\/\/celiaibanez.fr\/wp-content\/uploads\/2023\/05\/Les-sources-de-shamballah-1-768x1087.jpg 768w, https:\/\/celiaibanez.fr\/wp-content\/uploads\/2023\/05\/Les-sources-de-shamballah-1.jpg 1080w\" sizes=\"auto, (max-width: 724px) 100vw, 724px\" \/><\/figure>\n\n\n<div class=\"wp-block-image\">\n<figure class=\"aligncenter size-large is-resized\"><img loading=\"lazy\" decoding=\"async\" width=\"1024\" height=\"647\" src=\"https:\/\/celiaibanez.fr\/wp-content\/uploads\/2023\/05\/shamb-1024x647.jpg\" alt=\"\" class=\"wp-image-947\" style=\"width:484px;height:306px\" srcset=\"https:\/\/celiaibanez.fr\/wp-content\/uploads\/2023\/05\/shamb-1024x647.jpg 1024w, https:\/\/celiaibanez.fr\/wp-content\/uploads\/2023\/05\/shamb-300x189.jpg 300w, https:\/\/celiaibanez.fr\/wp-content\/uploads\/2023\/05\/shamb-768x485.jpg 768w, https:\/\/celiaibanez.fr\/wp-content\/uploads\/2023\/05\/shamb-1536x970.jpg 1536w, https:\/\/celiaibanez.fr\/wp-content\/uploads\/2023\/05\/shamb.jpg 2000w\" sizes=\"auto, (max-width: 1024px) 100vw, 1024px\" \/><\/figure>\n<\/div>\n\n\n<p>Pour le fond, il s\u2019agit d\u2019explorer certains aspects m\u00e9connus de l\u2019histoire, des eaux troubles o\u00f9 se m\u00ealent occultisme, espionnage, mondanit\u00e9s et intrigues politiques&nbsp;; des eaux o\u00f9 nagent habilement de fascinants personnages comme Trebitsch Lincoln ou Aleister Crowley. Un univers qui, par son myst\u00e8re, suscite fascination et parano\u00efa, o\u00f9 l\u2019imaginaire peut se d\u00e9lecter de machinations et de complots.&nbsp;<\/p>\n\n\n\n<figure class=\"wp-block-image size-large\"><img loading=\"lazy\" decoding=\"async\" width=\"1024\" height=\"759\" src=\"https:\/\/celiaibanez.fr\/wp-content\/uploads\/2023\/05\/maquette-sources-de-shamballah-10.uuz1dy7ZiR-1024x759.jpg\" alt=\"\" class=\"wp-image-945\" srcset=\"https:\/\/celiaibanez.fr\/wp-content\/uploads\/2023\/05\/maquette-sources-de-shamballah-10.uuz1dy7ZiR-1024x759.jpg 1024w, https:\/\/celiaibanez.fr\/wp-content\/uploads\/2023\/05\/maquette-sources-de-shamballah-10.uuz1dy7ZiR-300x222.jpg 300w, https:\/\/celiaibanez.fr\/wp-content\/uploads\/2023\/05\/maquette-sources-de-shamballah-10.uuz1dy7ZiR-768x570.jpg 768w, https:\/\/celiaibanez.fr\/wp-content\/uploads\/2023\/05\/maquette-sources-de-shamballah-10.uuz1dy7ZiR-1536x1139.jpg 1536w, https:\/\/celiaibanez.fr\/wp-content\/uploads\/2023\/05\/maquette-sources-de-shamballah-10.uuz1dy7ZiR-2048x1519.jpg 2048w\" sizes=\"auto, (max-width: 1024px) 100vw, 1024px\" \/><\/figure>\n\n\n\n<figure class=\"wp-block-image size-large\"><img loading=\"lazy\" decoding=\"async\" width=\"1024\" height=\"718\" src=\"https:\/\/celiaibanez.fr\/wp-content\/uploads\/2023\/05\/maquette-sources-de-shamballah-11.HW5q99PZdK-2-1024x718.jpg\" alt=\"\" class=\"wp-image-944\" srcset=\"https:\/\/celiaibanez.fr\/wp-content\/uploads\/2023\/05\/maquette-sources-de-shamballah-11.HW5q99PZdK-2-1024x718.jpg 1024w, https:\/\/celiaibanez.fr\/wp-content\/uploads\/2023\/05\/maquette-sources-de-shamballah-11.HW5q99PZdK-2-300x210.jpg 300w, https:\/\/celiaibanez.fr\/wp-content\/uploads\/2023\/05\/maquette-sources-de-shamballah-11.HW5q99PZdK-2-768x538.jpg 768w, https:\/\/celiaibanez.fr\/wp-content\/uploads\/2023\/05\/maquette-sources-de-shamballah-11.HW5q99PZdK-2-1536x1076.jpg 1536w, https:\/\/celiaibanez.fr\/wp-content\/uploads\/2023\/05\/maquette-sources-de-shamballah-11.HW5q99PZdK-2-2048x1435.jpg 2048w\" sizes=\"auto, (max-width: 1024px) 100vw, 1024px\" \/><\/figure>\n\n\n\n<p>Au-del\u00e0 du divertissement et du fantastique, il s\u2019agit donc de tisser l&rsquo;histoire dans une trame d&rsquo;\u00e9l\u00e9ments historiques factuels mais peu connus qui incitent \u00e0 r\u00e9fl\u00e9chir sur les manipulations du pouvoir, les strat\u00e9gies de domination, \u00ab\u00a0l\u2019ing\u00e9nierie du consentement\u00a0\u00bb comme l\u2019appelait Edward Bernays (neveu de Freud), terme repris \u00e0 peu de choses pr\u00e8s par Noam Chomsky pour en d\u00e9noncer la pratique&nbsp;; le but n\u2019est pas ici de d\u00e9montrer quoi que ce soit, mais simplement de titiller la curiosit\u00e9 du lecteur et de lui proposer des sujets de recherches.&nbsp;<\/p>\n\n\n\n<figure class=\"wp-block-image size-large\"><img loading=\"lazy\" decoding=\"async\" width=\"1024\" height=\"754\" src=\"https:\/\/celiaibanez.fr\/wp-content\/uploads\/2023\/05\/alesister-1024x754.jpg\" alt=\"\" class=\"wp-image-946\" srcset=\"https:\/\/celiaibanez.fr\/wp-content\/uploads\/2023\/05\/alesister-1024x754.jpg 1024w, https:\/\/celiaibanez.fr\/wp-content\/uploads\/2023\/05\/alesister-300x221.jpg 300w, https:\/\/celiaibanez.fr\/wp-content\/uploads\/2023\/05\/alesister-768x566.jpg 768w, https:\/\/celiaibanez.fr\/wp-content\/uploads\/2023\/05\/alesister-1536x1131.jpg 1536w, https:\/\/celiaibanez.fr\/wp-content\/uploads\/2023\/05\/alesister-2048x1508.jpg 2048w\" sizes=\"auto, (max-width: 1024px) 100vw, 1024px\" \/><\/figure>\n\n\n\n<p>Mais la s\u00e9rie ne serait pas compl\u00e8te sans le dossier explicatif et documentaire  dont il est ici question. Dossier qui va permettre de d\u00e9m\u00ealer le vrai du faux, d\u00e9finir ce qui dans la s\u00e9rie ressort du fait historique av\u00e9r\u00e9, de l\u2019hypoth\u00e8se plus ou moins \u00e9tay\u00e9e, de la th\u00e9orie fumeuse (mais s\u00e9duisante) ou de la pure invention. Voil\u00e0 le mat\u00e9riau brut avec lequel ont \u00e9t\u00e9 fa\u00e7onn\u00e9es les aventures de Malcolm Mackenzie !<\/p>\n\n\n<div class=\"wp-block-image\">\n<figure class=\"aligncenter size-full is-resized\"><img loading=\"lazy\" decoding=\"async\" width=\"750\" height=\"870\" src=\"https:\/\/celiaibanez.fr\/wp-content\/uploads\/2023\/05\/femme.jpg\" alt=\"\" class=\"wp-image-953\" style=\"width:373px;height:433px\" srcset=\"https:\/\/celiaibanez.fr\/wp-content\/uploads\/2023\/05\/femme.jpg 750w, https:\/\/celiaibanez.fr\/wp-content\/uploads\/2023\/05\/femme-300x348.jpg 300w, https:\/\/celiaibanez.fr\/wp-content\/uploads\/2023\/05\/femme-259x300.jpg 259w\" sizes=\"auto, (max-width: 750px) 100vw, 750px\" \/><\/figure>\n<\/div>\n\n\n<p><mark style=\"background-color:rgba(0, 0, 0, 0);color:#fb01df\" class=\"has-inline-color\">\u00ab\u00a0<strong>Un travail de fond d&rsquo;une grande qualit\u00e9\u00a0\u00bb<\/strong><\/mark><strong>, <\/strong>\u00ab\u00a0Une v\u00e9ritable mine d&rsquo;informations tr\u00e8s marqu\u00e9 par l&rsquo;\u00e9sot\u00e9risme\u00a0\u00bb, \u00ab\u00a0Un ouvrage documentaire impressionnant\u00a0\u00bb, SCENEARIO.COM. Retrouvez l&rsquo;article complet de sceneario ==> <a href=\"https:\/\/sceneario.com\/bd\/portes-de-shamballah-les-hs-les-sources-de-shamballah\/?fbclid=IwAR1rNd9EdtOMsQhERuEA6sBTck-lUd2yUo_pM4BwS9ZwQwkeipAo73C0IJs\">sceneario.com<\/a><\/p>\n\n\n\n<p><strong><mark style=\"background-color:rgba(0, 0, 0, 0);color:#fd01cf\" class=\"has-inline-color\">\u00ab\u00a0D&rsquo;une richesse folle !\u00a0\u00bb<\/mark>, <\/strong>\u00ab\u00a0Je suis tomb\u00e9e d&rsquo;un gratte-ciel, en mode bip bip le coyote !\u00a0\u00bb, \u00a0\u00bb Suis sur le c***\u00a0\u00bb, BABELIO ==> Retrouvez <a href=\"https:\/\/www.babelio.com\/livres\/Mazuer-Les-Portes-de-Shamballah-Tome-1--LAube-Doree\/284806#!\">ici <\/a>l&rsquo;avis complet complet<\/p>\n","protected":false},"excerpt":{"rendered":"<p>UN MAGNIFIQUE OUVRAGE ENTRE X FILES ET INDIANA JONES. COMPL\u00c9MENT INDISPENSABLES AUX \u00ab\u00a0PORTES DE SHAMBALLAH\u00a0\u00bb, CET ALBUM EST UN DOSSIER DOCUMENTAIRE ILLUSTR\u00c9 QUI D\u00c9TAILLE LES SOURCES D&rsquo;INSPIRATION HISTORIQUES, LITT\u00c9RAIRES OU \u00c9SOT\u00c9RIQUES DE LA SAGA. LA GOLDEN DOWN, l\u2019O.T.O. OU LE DRAGON VERT ONT-ILS EXIST\u00c9 ? QUI \u00c9TAIENT MATHERS, CROWLEY OU TREBITSCH LINCOLN ? QU&rsquo;EST CE &hellip; <a href=\"https:\/\/celiaibanez.fr\/index.php\/les-sources-de-shamballah\/\" class=\"more-link\">Continuer la lecture de <span class=\"screen-reader-text\">LES SOURCES DE SHAMBALLAH<\/span>  <span class=\"meta-nav\">&rarr;<\/span><\/a><\/p>\n","protected":false},"author":5,"featured_media":1987,"parent":0,"menu_order":0,"comment_status":"closed","ping_status":"closed","template":"","meta":{"footnotes":""},"class_list":["post-936","page","type-page","status-publish","has-post-thumbnail","hentry"],"_links":{"self":[{"href":"https:\/\/celiaibanez.fr\/index.php\/wp-json\/wp\/v2\/pages\/936","targetHints":{"allow":["GET"]}}],"collection":[{"href":"https:\/\/celiaibanez.fr\/index.php\/wp-json\/wp\/v2\/pages"}],"about":[{"href":"https:\/\/celiaibanez.fr\/index.php\/wp-json\/wp\/v2\/types\/page"}],"author":[{"embeddable":true,"href":"https:\/\/celiaibanez.fr\/index.php\/wp-json\/wp\/v2\/users\/5"}],"replies":[{"embeddable":true,"href":"https:\/\/celiaibanez.fr\/index.php\/wp-json\/wp\/v2\/comments?post=936"}],"version-history":[{"count":22,"href":"https:\/\/celiaibanez.fr\/index.php\/wp-json\/wp\/v2\/pages\/936\/revisions"}],"predecessor-version":[{"id":1988,"href":"https:\/\/celiaibanez.fr\/index.php\/wp-json\/wp\/v2\/pages\/936\/revisions\/1988"}],"wp:featuredmedia":[{"embeddable":true,"href":"https:\/\/celiaibanez.fr\/index.php\/wp-json\/wp\/v2\/media\/1987"}],"wp:attachment":[{"href":"https:\/\/celiaibanez.fr\/index.php\/wp-json\/wp\/v2\/media?parent=936"}],"curies":[{"name":"wp","href":"https:\/\/api.w.org\/{rel}","templated":true}]}}